{"id":577,"date":"2020-04-16T20:15:23","date_gmt":"2020-04-16T18:15:23","guid":{"rendered":"\/\/localhost:3000\/es_plan_climat\/?page_id=577"},"modified":"2025-09-29T18:10:25","modified_gmt":"2025-09-29T16:10:25","slug":"5-construire","status":"publish","type":"page","link":"https:\/\/elogie-siemp.paris\/planclimat\/plan-dactions\/5-construire","title":{"rendered":"5 &#8211; Construire"},"content":{"rendered":"\n<div data-elementor-type=\"wp-page\" data-elementor-id=\"577\" class=\"elementor elementor-577\" data-elementor-settings=\"[]\">\n<div class=\"elementor-inner\">\n<div class=\"elementor-section-wrap\">\n<section class=\"elementor-section elementor-top-section elementor-element elementor-element-1911df5c elementor-section-full_width elementor-section-height-default elementor-section-height-default\" data-id=\"1911df5c\" data-element_type=\"section\" id=\"plan-dactions__intro\">\n<div class=\"elementor-container elementor-column-gap-default\">\n<div class=\"elementor-row\">\n<div class=\"elementor-column elementor-col-50 elementor-top-column elementor-element elementor-element-7ff98f25\" data-id=\"7ff98f25\" data-element_type=\"column\">\n<div class=\"elementor-column-wrap elementor-element-populated\">\n<div class=\"elementor-widget-wrap\">\n<div class=\"elementor-element elementor-element-779334ea elementor-widget elementor-widget-heading\" data-id=\"779334ea\" data-element_type=\"widget\" data-widget_type=\"heading.default\">\n<div class=\"elementor-widget-container\">\n<h1 class=\"elementor-heading-title elementor-size-default\">Construire<br>\nune ville r\u00e9siliente<\/h1>\n<\/p><\/div>\n<\/p><\/div>\n<div class=\"elementor-element elementor-element-84b024d elementor-widget elementor-widget-image\" data-id=\"84b024d\" data-element_type=\"widget\" data-widget_type=\"image.default\">\n<div class=\"elementor-widget-container\">\n<div class=\"elementor-image\">\n\t\t\t\t\t\t\t\t\t\t<img decoding=\"async\" src=\"https:\/\/elogie-siemp.paris\/planclimat\/wp-content\/uploads\/elementor\/thumbs\/action5-rch6eftytsg8ftng11qzttvbwsufmpw4pvozv8g44s.jpg\" title=\"action5\" alt=\"action5\" \/>\t\t\t\t\t\t\t\t\t\t\t<\/div>\n<\/p><\/div>\n<\/p><\/div>\n<\/p><\/div>\n<\/p><\/div>\n<\/p><\/div>\n<div class=\"elementor-column elementor-col-50 elementor-top-column elementor-element elementor-element-115048e5\" data-id=\"115048e5\" data-element_type=\"column\">\n<div class=\"elementor-column-wrap elementor-element-populated\">\n<div class=\"elementor-widget-wrap\">\n<div class=\"elementor-element elementor-element-2df4ca7f elementor-widget elementor-widget-image\" data-id=\"2df4ca7f\" data-element_type=\"widget\" data-widget_type=\"image.default\">\n<div class=\"elementor-widget-container\">\n<div class=\"elementor-image\">\n\t\t\t\t\t\t\t\t\t\t<img decoding=\"async\" src=\"http:\/\/plan_climat.elogie-siemp.paris\/wp-content\/uploads\/2020\/06\/hidden.png\" title=\"\" alt=\"\" \/>\t\t\t\t\t\t\t\t\t\t\t<\/div>\n<\/p><\/div>\n<\/p><\/div>\n<\/p><\/div>\n<\/p><\/div>\n<\/p><\/div>\n<\/p><\/div>\n<\/p><\/div>\n<\/section>\n<section class=\"elementor-section elementor-top-section elementor-element elementor-element-65750fb7 elementor-section-full_width columns2_2-2 elementor-section-height-default elementor-section-height-default\" data-id=\"65750fb7\" data-element_type=\"section\">\n<div class=\"elementor-container elementor-column-gap-default\">\n<div class=\"elementor-row\">\n<div class=\"elementor-column elementor-col-50 elementor-top-column elementor-element elementor-element-1efa29a7\" data-id=\"1efa29a7\" data-element_type=\"column\">\n<div class=\"elementor-column-wrap elementor-element-populated\">\n<div class=\"elementor-widget-wrap\">\n<div class=\"elementor-element elementor-element-25e3baeb elementor-widget elementor-widget-heading\" data-id=\"25e3baeb\" data-element_type=\"widget\" data-widget_type=\"heading.default\">\n<div class=\"elementor-widget-container\">\n<h2 class=\"elementor-heading-title elementor-size-default\">MA\u00ceTRISER LE CONFORT D\u2019\u00c9T\u00c9\nDES LOGEMENTS LIVR\u00c9S<br\/>POUR \u00c9VITER\nLA MULTIPLICATION DES CLIMATISEURS<\/h2>\n<\/p><\/div>\n<\/p><\/div>\n<div class=\"elementor-element elementor-element-575feb00 elementor-widget elementor-widget-text-editor\" data-id=\"575feb00\" data-element_type=\"widget\" data-widget_type=\"text-editor.default\">\n<div class=\"elementor-widget-container\">\n<div class=\"elementor-text-editor elementor-clearfix\">\n<p>La question du confort d\u2019\u00e9t\u00e9 est complexe et l\u2019\u00e9volution des modes de construction et le renforcement de l\u2019isolation thermique,\u00a0vertueux puisqu\u2019il permet de r\u00e9duire les consommations d\u2019\u00e9nergies, peuvent s\u2019av\u00e9rer \u00e0 l\u2019inverse p\u00e9nalisant en p\u00e9riode estivale.<\/p>\n<p><b>Elogie-Siemp mettra \u00e0 jour d\u00e8s 2020 son cahier de recommandations architecturales pour y int\u00e9grer la question du confort\u00a0d\u2019\u00e9t\u00e9 : les ma\u00eetres d\u2019oeuvre seront appel\u00e9s \u00e0 produire\u00a0une \u00e9tude relative au confort d\u2019\u00e9t\u00e9\u00a0d\u00e8s la phase de programmation et \u00e0\u00a0proposer les garde-fous adapt\u00e9s tels que la pose de volets, l\u2019optimisation des ombrages, la ma\u00eetrise de l\u2019inertie thermique des\u00a0b\u00e2timents lors des r\u00e9habilitations\u2026<\/b><\/p>\n<p>Un plan \u00ab ombres et volets \u00bb\u00a0sera \u00e9tabli afin de r\u00e9pondre \u00e0 la probl\u00e9matique du confort d\u2019\u00e9t\u00e9 dans les immeubles existants.<\/p>\n<p>Il sera pr\u00e9c\u00e9d\u00e9\u00a0dans un d\u00e9lai de 2 ans d\u2019une revue de patrimoine sur la question de la vuln\u00e9rabilit\u00e9 aux d\u00e9r\u00e8glements climatiques\u00a0(pas seulement canicule) qui sera int\u00e9gr\u00e9e \u00e0 la prochaine r\u00e9vision du Plan Strat\u00e9gique de Patrimoine en 2025. Ainsi, seront\u00a0identifi\u00e9s\u00a0<span style=\"font-weight: bold;\">les logements selon leur exposition au risque de surchauffe estivale, les \u00eelots de chaleur urbains ainsi que les passoires\u00a0<\/span><span style=\"font-weight: bold;\">thermiques<\/span>, difficiles \u00e0 vivre aussi bien en hiver qu\u2019en \u00e9t\u00e9.<span style=\"font-size: 1rem;\">\u00a0<\/span><\/p>\n<\/div><\/div>\n<\/p><\/div>\n<\/p><\/div>\n<\/p><\/div>\n<\/p><\/div>\n<div class=\"elementor-column elementor-col-50 elementor-top-column elementor-element elementor-element-36c4aeb5 rounded_bg rounded_bg_pt\" data-id=\"36c4aeb5\" data-element_type=\"column\">\n<div class=\"elementor-column-wrap elementor-element-populated\">\n<div class=\"elementor-widget-wrap\">\n<div class=\"elementor-element elementor-element-f5641ac elementor-widget elementor-widget-heading\" data-id=\"f5641ac\" data-element_type=\"widget\" data-widget_type=\"heading.default\">\n<div class=\"elementor-widget-container\">\n<h2 class=\"elementor-heading-title elementor-size-default\">Nos principales actions<\/h2>\n<\/p><\/div>\n<\/p><\/div>\n<div class=\"elementor-element elementor-element-377f3594 elementor-widget elementor-widget-text-editor\" data-id=\"377f3594\" data-element_type=\"widget\" data-widget_type=\"text-editor.default\">\n<div class=\"elementor-widget-container\">\n<div class=\"elementor-text-editor elementor-clearfix\">pour construire une ville r\u00e9siliente.\nMa\u00eetriser le confort d\u2019\u00e9t\u00e9 des logements livr\u00e9s :<\/p>\n<ul>\n<li>un plan volets pour mieux se prot\u00e9ger,<\/li>\n<li>un plan ombre pour limiter la contribution de nos immeubles \u00e0 l\u2019ilot de chaleur urbain<\/li>\n<\/ul>\n<p>Massifier les installations de r\u00e9cup\u00e9ration d\u2019eau de pluie (pour l\u2019arrosage et le nettoyage des parties communes).<\/p>\n<p>D\u00e9velopper les surfaces perm\u00e9ables lors de chaque chantier et <span class='tooltipsall tooltipsincontent classtoolTips2'>d\u00e9bitumer<\/span> d\u00e8s que possible pour accueillir\u00a0de la v\u00e9g\u00e9tation.\n<\/p><\/div>\n<\/p><\/div>\n<\/p><\/div>\n<\/p><\/div>\n<\/p><\/div>\n<\/p><\/div>\n<\/p><\/div>\n<\/p><\/div>\n<\/section>\n<section class=\"elementor-section elementor-top-section elementor-element elementor-element-17612051 elementor-section-full_width columns2_1-3 elementor-section-height-default elementor-section-height-default\" data-id=\"17612051\" data-element_type=\"section\">\n<div class=\"elementor-container elementor-column-gap-default\">\n<div class=\"elementor-row\">\n<div class=\"elementor-column elementor-col-100 elementor-top-column elementor-element elementor-element-2eb97866\" data-id=\"2eb97866\" data-element_type=\"column\">\n<div class=\"elementor-column-wrap elementor-element-populated\">\n<div class=\"elementor-widget-wrap\">\n<section class=\"elementor-section elementor-inner-section elementor-element elementor-element-4aa5bc4 elementor-section-full_width elementor-section-content-middle elementor-section-height-default elementor-section-height-default\" data-id=\"4aa5bc4\" data-element_type=\"section\">\n<div class=\"elementor-container elementor-column-gap-default\">\n<div class=\"elementor-row\">\n<div class=\"elementor-column elementor-col-50 elementor-inner-column elementor-element elementor-element-6b809085\" data-id=\"6b809085\" data-element_type=\"column\">\n<div class=\"elementor-column-wrap elementor-element-populated\">\n<div class=\"elementor-widget-wrap\">\n<div class=\"elementor-element elementor-element-227dafb0 elementor-widget elementor-widget-image\" data-id=\"227dafb0\" data-element_type=\"widget\" data-widget_type=\"image.default\">\n<div class=\"elementor-widget-container\">\n<div class=\"elementor-image\">\n\t\t\t\t\t\t\t\t\t\t<img loading=\"lazy\" decoding=\"async\" width=\"1000\" height=\"1000\" src=\"https:\/\/elogie-siemp.paris\/planclimat\/wp-content\/uploads\/2025\/09\/construire2-scaled-1-1000x1000.jpg\" class=\"attachment-custom-medium3 size-custom-medium3\" alt=\"\" srcset=\"https:\/\/elogie-siemp.paris\/planclimat\/wp-content\/uploads\/2025\/09\/construire2-scaled-1-1000x1000.jpg 1000w, https:\/\/elogie-siemp.paris\/planclimat\/wp-content\/uploads\/2025\/09\/construire2-scaled-1-150x150.jpg 150w\" sizes=\"auto, (max-width: 1000px) 100vw, 1000px\" \/>\t\t\t\t\t\t\t\t\t\t\t<\/div>\n<\/p><\/div>\n<\/p><\/div>\n<\/p><\/div>\n<\/p><\/div>\n<\/p><\/div>\n<div class=\"elementor-column elementor-col-50 elementor-inner-column elementor-element elementor-element-18c2c98d\" data-id=\"18c2c98d\" data-element_type=\"column\">\n<div class=\"elementor-column-wrap elementor-element-populated\">\n<div class=\"elementor-widget-wrap\">\n<div class=\"elementor-element elementor-element-39209ec4 elementor-widget elementor-widget-text-editor\" data-id=\"39209ec4\" data-element_type=\"widget\" data-widget_type=\"text-editor.default\">\n<div class=\"elementor-widget-container\">\n<div class=\"elementor-text-editor elementor-clearfix\">\n<div >\nLes immeubles pourront \u00eatre class\u00e9s selon une\u00a0\u00e9chelle de \u00ab r\u00e9silience aux \u00e9pisodes caniculaires \u00bb\u00a0dont il sera tenu compte lors\u00a0de la programmation de travaux, en lien avec l\u2019APUR.<\/p>\n<p>L\u2019absence d\u2019un \u00eelot de fra\u00eecheur urbain \u00e0 proximit\u00e9 pourra conduire \u00e0 d\u00e9cider\u00a0de cr\u00e9er des ilots de fra\u00eecheur ou des lieux\u00a0\u00ab refuges \u00bb en p\u00e9riode de canicule.<\/p>\n<\/div>\n<p><br\/>\nElogie-Siemp avec l\u2019aide de ses gardiens d\u2019immeubles continuera \u00e0 s\u2019engager dans la d\u00e9tection et\u00a0l\u2019accompagnement des\u00a0personnes fragiles en p\u00e9riode de canicule, en lien avec la Ville de Paris.<\/p>\n<p>Afin de lutter contre le d\u00e9veloppement des climatiseurs individuels, un accompagnement des locataires devra \u00eatre mis en place\u00a0pour promouvoir les alternatives de rafra\u00eechissement (ventilation nocturne, utilisation des volets\u2026).<\/p><\/div>\n<\/p><\/div>\n<\/p><\/div>\n<\/p><\/div>\n<\/p><\/div>\n<\/p><\/div>\n<\/p><\/div>\n<\/p><\/div>\n<\/section><\/div>\n<\/p><\/div>\n<\/p><\/div>\n<\/p><\/div>\n<\/p><\/div>\n<\/section>\n<section class=\"elementor-section elementor-top-section elementor-element elementor-element-5af5c843 elementor-section-full_width columns2_1-3 elementor-section-height-default elementor-section-height-default\" data-id=\"5af5c843\" data-element_type=\"section\">\n<div class=\"elementor-container elementor-column-gap-default\">\n<div class=\"elementor-row\">\n<div class=\"elementor-column elementor-col-100 elementor-top-column elementor-element elementor-element-7acf5227\" data-id=\"7acf5227\" data-element_type=\"column\">\n<div class=\"elementor-column-wrap elementor-element-populated\">\n<div class=\"elementor-widget-wrap\">\n<section class=\"elementor-section elementor-inner-section elementor-element elementor-element-326eb80a elementor-section-full_width elementor-section-height-default elementor-section-height-default\" data-id=\"326eb80a\" data-element_type=\"section\">\n<div class=\"elementor-container elementor-column-gap-default\">\n<div class=\"elementor-row\">\n<div class=\"elementor-column elementor-col-50 elementor-inner-column elementor-element elementor-element-5b141bd9\" data-id=\"5b141bd9\" data-element_type=\"column\">\n<div class=\"elementor-column-wrap elementor-element-populated\">\n<div class=\"elementor-widget-wrap\">\n<div class=\"elementor-element elementor-element-86b257e elementor-widget elementor-widget-heading\" data-id=\"86b257e\" data-element_type=\"widget\" data-widget_type=\"heading.default\">\n<div class=\"elementor-widget-container\">\n<h2 class=\"elementor-heading-title elementor-size-default\">D\u00c9BITUMER ET D\u00c9VELOPPER<br>LES SURFACES PERM\u00c9ABLES<\/h2>\n<\/p><\/div>\n<\/p><\/div>\n<div class=\"elementor-element elementor-element-52ccdd73 elementor-widget elementor-widget-text-editor\" data-id=\"52ccdd73\" data-element_type=\"widget\" data-widget_type=\"text-editor.default\">\n<div class=\"elementor-widget-container\">\n<div class=\"elementor-text-editor elementor-clearfix\">Certains comparent la ville d\u2019aujourd\u2019hui \u00e0 un d\u00e9sert : une immense surface min\u00e9rale, \u00e9tanche, sur laquelle les eaux de pluie\u00a0ruissellent et sont \u00e9vacu\u00e9es presque instantan\u00e9ment \u00e0 l\u2019ext\u00e9rieur de la ville.<\/p>\n<p>Afin de r\u00e9tablir un cycle de l\u2019eau plus naturel et de permettre au v\u00e9g\u00e9tal de se d\u00e9velopper davantage, il est n\u00e9cessaire de d\u00e9simperm\u00e9abiliser les sols, de <span class='tooltipsall tooltipsincontent classtoolTips2'>d\u00e9bitumer<\/span> les cours et de redonner aux plantes leur r\u00f4le de \u00ab trait d\u2019union entre le ciel et la terre \u00bb.<\/p>\n<p>La d\u00e9bitumisation des sols doit s\u2019effectuer \u00e0 grande \u00e9chelle pour \u00eatre pleinement efficace. Il conviendra donc de se coordonner\u00a0avec la Ville de Paris et les autres bailleurs sociaux pour amplifier les effets de cette d\u00e9marche.<\/p>\n<p><strong>Dans tous ses projets de construction ou de r\u00e9habilitation, Elogie-Siemp adoptera les principes suivants :<\/strong><\/p>\n<ul>\n<li><strong>pas d\u2019espace imperm\u00e9ables au sol sur les projets neufs, \u00e0 l\u2019exception des cheminements pour personnes \u00e0 mobilit\u00e9 r\u00e9duite.<\/strong><\/li>\n<li><strong>augmentation syst\u00e9matique des surfaces perm\u00e9ables lors de chaque r\u00e9habilitation.<\/strong><\/li>\n<\/ul>\n<div>Le cahier de recommandations architecturales devra \u00eatre rapidement mis \u00e0 jour en ce sens. Un \u00e9tat des lieux du potentiel de re-v\u00e9g\u00e9talisation du patrimoine et de d\u00e9veloppement des surfaces perm\u00e9ables sera \u00e9tabli afin de planifier cette \u00ab reconqu\u00eate \u00bb v\u00e9g\u00e9tale des pieds d\u2019immeubles et des pignons.<\/div>\n<\/div><\/div>\n<\/p><\/div>\n<\/p><\/div>\n<\/p><\/div>\n<\/p><\/div>\n<div class=\"elementor-column elementor-col-50 elementor-inner-column elementor-element elementor-element-7df8a8aa\" data-id=\"7df8a8aa\" data-element_type=\"column\">\n<div class=\"elementor-column-wrap elementor-element-populated\">\n<div class=\"elementor-widget-wrap\">\n<div class=\"elementor-element elementor-element-43dd53b1 elementor-widget elementor-widget-image\" data-id=\"43dd53b1\" data-element_type=\"widget\" data-widget_type=\"image.default\">\n<div class=\"elementor-widget-container\">\n<div class=\"elementor-image\">\n\t\t\t\t\t\t\t\t\t\t<img loading=\"lazy\" decoding=\"async\" width=\"1000\" height=\"1000\" src=\"https:\/\/elogie-siemp.paris\/planclimat\/wp-content\/uploads\/2025\/09\/construire3-scaled-2-1000x1000.jpg\" class=\"attachment-custom-medium3 size-custom-medium3\" alt=\"\" srcset=\"https:\/\/elogie-siemp.paris\/planclimat\/wp-content\/uploads\/2025\/09\/construire3-scaled-2-1000x1000.jpg 1000w, https:\/\/elogie-siemp.paris\/planclimat\/wp-content\/uploads\/2025\/09\/construire3-scaled-2-300x300.jpg 300w, https:\/\/elogie-siemp.paris\/planclimat\/wp-content\/uploads\/2025\/09\/construire3-scaled-2-1024x1024.jpg 1024w, https:\/\/elogie-siemp.paris\/planclimat\/wp-content\/uploads\/2025\/09\/construire3-scaled-2-150x150.jpg 150w, https:\/\/elogie-siemp.paris\/planclimat\/wp-content\/uploads\/2025\/09\/construire3-scaled-2-768x768.jpg 768w, https:\/\/elogie-siemp.paris\/planclimat\/wp-content\/uploads\/2025\/09\/construire3-scaled-2-1536x1536.jpg 1536w, https:\/\/elogie-siemp.paris\/planclimat\/wp-content\/uploads\/2025\/09\/construire3-scaled-2-2048x2048.jpg 2048w\" sizes=\"auto, (max-width: 1000px) 100vw, 1000px\" \/>\t\t\t\t\t\t\t\t\t\t\t<\/div>\n<\/p><\/div>\n<\/p><\/div>\n<\/p><\/div>\n<\/p><\/div>\n<\/p><\/div>\n<\/p><\/div>\n<\/p><\/div>\n<\/section><\/div>\n<\/p><\/div>\n<\/p><\/div>\n<\/p><\/div>\n<\/p><\/div>\n<\/section><\/div>\n<\/p><\/div>\n<\/p><\/div>\n<script type=\"text\/javascript\"> toolTips('.classtoolTips2','Supprimer des surfaces ext\u00e9rieures \u00e9tanches pour r\u00e9tablir un lien entre le sol et la pluie.'); <\/script><script type=\"text\/javascript\"> toolTips('.classtoolTips5','Agence Parisienne de l\u2019Urbanisme.'); <\/script>","protected":false},"excerpt":{"rendered":"<p>Construire une ville r\u00e9siliente MA\u00ceTRISER LE CONFORT D\u2019\u00c9T\u00c9 DES LOGEMENTS LIVR\u00c9SPOUR \u00c9VITER LA MULTIPLICATION DES CLIMATISEURS La question du confort d\u2019\u00e9t\u00e9 est complexe et l\u2019\u00e9volution des modes de construction et le renforcement de l\u2019isolation thermique,\u00a0vertueux puisqu\u2019il permet de r\u00e9duire les consommations d\u2019\u00e9nergies, peuvent s\u2019av\u00e9rer \u00e0 l\u2019inverse p\u00e9nalisant en p\u00e9riode estivale. Elogie-Siemp mettra \u00e0 jour d\u00e8s [&#8230;]<\/p>\n<p><a class=\"btn btn-secondary understrap-read-more-link\" href=\"https:\/\/elogie-siemp.paris\/planclimat\/plan-dactions\/5-construire\">Lire la suite&#8230;<\/a><\/p>\n","protected":false},"author":1,"featured_media":0,"parent":1576,"menu_order":5,"comment_status":"closed","ping_status":"closed","template":"","meta":{"_acf_changed":false,"footnotes":""},"class_list":["post-577","page","type-page","status-publish","hentry"],"acf":[],"_links":{"self":[{"href":"https:\/\/elogie-siemp.paris\/planclimat\/wp-json\/wp\/v2\/pages\/577","targetHints":{"allow":["GET"]}}],"collection":[{"href":"https:\/\/elogie-siemp.paris\/planclimat\/wp-json\/wp\/v2\/pages"}],"about":[{"href":"https:\/\/elogie-siemp.paris\/planclimat\/wp-json\/wp\/v2\/types\/page"}],"author":[{"embeddable":true,"href":"https:\/\/elogie-siemp.paris\/planclimat\/wp-json\/wp\/v2\/users\/1"}],"replies":[{"embeddable":true,"href":"https:\/\/elogie-siemp.paris\/planclimat\/wp-json\/wp\/v2\/comments?post=577"}],"version-history":[{"count":5,"href":"https:\/\/elogie-siemp.paris\/planclimat\/wp-json\/wp\/v2\/pages\/577\/revisions"}],"predecessor-version":[{"id":2508,"href":"https:\/\/elogie-siemp.paris\/planclimat\/wp-json\/wp\/v2\/pages\/577\/revisions\/2508"}],"up":[{"embeddable":true,"href":"https:\/\/elogie-siemp.paris\/planclimat\/wp-json\/wp\/v2\/pages\/1576"}],"wp:attachment":[{"href":"https:\/\/elogie-siemp.paris\/planclimat\/wp-json\/wp\/v2\/media?parent=577"}],"curies":[{"name":"wp","href":"https:\/\/api.w.org\/{rel}","templated":true}]}}