{"id":574,"date":"2020-04-16T20:14:53","date_gmt":"2020-04-16T18:14:53","guid":{"rendered":"\/\/localhost:3000\/es_plan_climat\/?page_id=574"},"modified":"2025-09-29T18:11:16","modified_gmt":"2025-09-29T16:11:16","slug":"4-accompagner","status":"publish","type":"page","link":"https:\/\/elogie-siemp.paris\/planclimat\/plan-dactions\/4-accompagner","title":{"rendered":"4 &#8211; Accompagner"},"content":{"rendered":"\n<div data-elementor-type=\"wp-page\" data-elementor-id=\"574\" class=\"elementor elementor-574\" data-elementor-settings=\"[]\">\n<div class=\"elementor-inner\">\n<div class=\"elementor-section-wrap\">\n<section class=\"elementor-section elementor-top-section elementor-element elementor-element-39aca39c elementor-section-full_width elementor-section-height-default elementor-section-height-default\" data-id=\"39aca39c\" data-element_type=\"section\" id=\"plan-dactions__intro\">\n<div class=\"elementor-container elementor-column-gap-default\">\n<div class=\"elementor-row\">\n<div class=\"elementor-column elementor-col-50 elementor-top-column elementor-element elementor-element-22c4a5b7\" data-id=\"22c4a5b7\" data-element_type=\"column\">\n<div class=\"elementor-column-wrap elementor-element-populated\">\n<div class=\"elementor-widget-wrap\">\n<div class=\"elementor-element elementor-element-26f80462 elementor-widget elementor-widget-heading\" data-id=\"26f80462\" data-element_type=\"widget\" data-widget_type=\"heading.default\">\n<div class=\"elementor-widget-container\">\n<h1 class=\"elementor-heading-title elementor-size-default\">Accompagner<br>\nles mutations de la ville<\/h1>\n<\/p><\/div>\n<\/p><\/div>\n<div class=\"elementor-element elementor-element-a3214fd elementor-widget elementor-widget-image\" data-id=\"a3214fd\" data-element_type=\"widget\" data-widget_type=\"image.default\">\n<div class=\"elementor-widget-container\">\n<div class=\"elementor-image\">\n\t\t\t\t\t\t\t\t\t\t<img decoding=\"async\" src=\"https:\/\/elogie-siemp.paris\/planclimat\/wp-content\/uploads\/elementor\/thumbs\/action4-rch6edyag4dnslq6c0xqouceq13p7boo1me0woiwh8.jpg\" title=\"action4\" alt=\"action4\" \/>\t\t\t\t\t\t\t\t\t\t\t<\/div>\n<\/p><\/div>\n<\/p><\/div>\n<\/p><\/div>\n<\/p><\/div>\n<\/p><\/div>\n<div class=\"elementor-column elementor-col-50 elementor-top-column elementor-element elementor-element-75e5fb2f\" data-id=\"75e5fb2f\" data-element_type=\"column\">\n<div class=\"elementor-column-wrap elementor-element-populated\">\n<div class=\"elementor-widget-wrap\">\n<div class=\"elementor-element elementor-element-15e5322b elementor-widget elementor-widget-image\" data-id=\"15e5322b\" data-element_type=\"widget\" data-widget_type=\"image.default\">\n<div class=\"elementor-widget-container\">\n<div class=\"elementor-image\">\n\t\t\t\t\t\t\t\t\t\t<img decoding=\"async\" src=\"http:\/\/plan_climat.elogie-siemp.paris\/wp-content\/uploads\/2020\/06\/hidden.png\" title=\"\" alt=\"\" \/>\t\t\t\t\t\t\t\t\t\t\t<\/div>\n<\/p><\/div>\n<\/p><\/div>\n<\/p><\/div>\n<\/p><\/div>\n<\/p><\/div>\n<\/p><\/div>\n<\/p><\/div>\n<\/section>\n<section class=\"elementor-section elementor-top-section elementor-element elementor-element-2506ed58 elementor-section-full_width columns2_2-2 elementor-section-content-top elementor-section-height-default elementor-section-height-default\" data-id=\"2506ed58\" data-element_type=\"section\">\n<div class=\"elementor-container elementor-column-gap-default\">\n<div class=\"elementor-row\">\n<div class=\"elementor-column elementor-col-50 elementor-top-column elementor-element elementor-element-7f369f84\" data-id=\"7f369f84\" data-element_type=\"column\">\n<div class=\"elementor-column-wrap elementor-element-populated\">\n<div class=\"elementor-widget-wrap\">\n<div class=\"elementor-element elementor-element-63cabcfc elementor-widget elementor-widget-heading\" data-id=\"63cabcfc\" data-element_type=\"widget\" data-widget_type=\"heading.default\">\n<div class=\"elementor-widget-container\">\n<h2 class=\"elementor-heading-title elementor-size-default\">Rendre accessible \u00e0 tous les mobilit\u00e9s<\/h2>\n<\/p><\/div>\n<\/p><\/div>\n<div class=\"elementor-element elementor-element-97e5e0 elementor-widget elementor-widget-text-editor\" data-id=\"97e5e0\" data-element_type=\"widget\" data-widget_type=\"text-editor.default\">\n<div class=\"elementor-widget-container\">\n<div class=\"elementor-text-editor elementor-clearfix\">\n<p>Un plan v\u00e9lo sera \u00e9labor\u00e9 afin de faciliter l\u2019usage du v\u00e9lo par les locataires. La qualit\u00e9 d\u2019usage des \u00e9quipements sera \u00e9valu\u00e9e, la conception des locaux v\u00e9lo sera r\u00e9\u00e9tudi\u00e9e avec la F\u00e9d\u00e9ration des Usagers de la Bicyclette et les locaux seront mis \u00e0 niveau, en priorisant les interventions en fonction de la proximit\u00e9 des \u00e9quipements urbains et points de mobilit\u00e9 partag\u00e9e.<\/p>\n<p>Elogie-Siemp accompagnera le d\u00e9veloppement des mobilit\u00e9s \u00e9lectriques qui est une premi\u00e8re r\u00e9ponse \u00e0 l\u2019abandon des \u00e9nergies fossiles ainsi qu\u2019\u00e0 la protection de la qualit\u00e9 de l\u2019air en ville et qui pourra participer \u00e0 l\u2019\u00e9quilibrage des futurs r\u00e9seaux d\u2019\u00e9lectricit\u00e9 intelligents, en offrant une capacit\u00e9 de d\u00e9lestage n\u00e9cessaire pour accompagner le d\u00e9veloppement des \u00e9nergies renouvelables, intermittentes par nature. Elle proposera une offre de stationnement raccord\u00e9 sur chacun des 80 parkings collectifs, en compl\u00e9ment des r\u00e9ponses aux sollicitations ponctuelles des locataires.<\/p>\n<div>\u00a0<\/div>\n<\/div><\/div>\n<\/p><\/div>\n<\/p><\/div>\n<\/p><\/div>\n<\/p><\/div>\n<div class=\"elementor-column elementor-col-50 elementor-top-column elementor-element elementor-element-5b36292 rounded_bg rounded_bg_pt\" data-id=\"5b36292\" data-element_type=\"column\">\n<div class=\"elementor-column-wrap elementor-element-populated\">\n<div class=\"elementor-widget-wrap\">\n<div class=\"elementor-element elementor-element-1e40a26c elementor-widget elementor-widget-heading\" data-id=\"1e40a26c\" data-element_type=\"widget\" data-widget_type=\"heading.default\">\n<div class=\"elementor-widget-container\">\n<h2 class=\"elementor-heading-title elementor-size-default\">Nos principales actions<\/h2>\n<\/p><\/div>\n<\/p><\/div>\n<div class=\"elementor-element elementor-element-5c347f43 elementor-widget elementor-widget-text-editor\" data-id=\"5c347f43\" data-element_type=\"widget\" data-widget_type=\"text-editor.default\">\n<div class=\"elementor-widget-container\">\n<div class=\"elementor-text-editor elementor-clearfix\">\n<p>pour accompagner les mutations de la ville.<\/p>\n<p>Rendre accessible \u00e0 tous et facilement les mobilit\u00e9s bas-carbone (v\u00e9lo\/trottinette et v\u00e9hicules \u00e9lectriques&#8230;).<\/p>\n<p>R\u00e9duire de 30% les \u00e9missions des transports des chantiers.<\/p>\n<p>R\u00e9duire la quantit\u00e9 de d\u00e9chets et tendre vers 90% des d\u00e9chets valoris\u00e9s\/r\u00e9employ\u00e9s.<\/p>\n<p>\u2022 Pour nos locataires, pour nos prestataires et en tant qu\u2019entreprise exemplaire.<\/p>\n<p>G\u00e9n\u00e9raliser le compostage collectif (o\u00f9 cela est possible).<\/p>\n<\/div><\/div>\n<\/p><\/div>\n<\/p><\/div>\n<\/p><\/div>\n<\/p><\/div>\n<\/p><\/div>\n<\/p><\/div>\n<\/section>\n<section class=\"elementor-section elementor-top-section elementor-element elementor-element-49915359 elementor-section-full_width columns2_1-3 elementor-section-height-default elementor-section-height-default\" data-id=\"49915359\" data-element_type=\"section\">\n<div class=\"elementor-container elementor-column-gap-default\">\n<div class=\"elementor-row\">\n<div class=\"elementor-column elementor-col-100 elementor-top-column elementor-element elementor-element-33800b6d\" data-id=\"33800b6d\" data-element_type=\"column\">\n<div class=\"elementor-column-wrap elementor-element-populated\">\n<div class=\"elementor-widget-wrap\">\n<section class=\"elementor-section elementor-inner-section elementor-element elementor-element-32029f16 elementor-section-full_width columns2_images elementor-section-height-default elementor-section-height-default\" data-id=\"32029f16\" data-element_type=\"section\">\n<div class=\"elementor-container elementor-column-gap-default\">\n<div class=\"elementor-row\">\n<div class=\"elementor-column elementor-col-50 elementor-inner-column elementor-element elementor-element-7cfe3a35\" data-id=\"7cfe3a35\" data-element_type=\"column\">\n<div class=\"elementor-column-wrap elementor-element-populated\">\n<div class=\"elementor-widget-wrap\">\n<div class=\"elementor-element elementor-element-27d1cce0 elementor-invisible elementor-widget elementor-widget-image\" data-id=\"27d1cce0\" data-element_type=\"widget\" data-settings=\"{&quot;_animation&quot;:&quot;none&quot;}\" data-widget_type=\"image.default\">\n<div class=\"elementor-widget-container\">\n<div class=\"elementor-image\">\n\t\t\t\t\t\t\t\t\t\t<img loading=\"lazy\" decoding=\"async\" width=\"640\" height=\"640\" src=\"https:\/\/elogie-siemp.paris\/planclimat\/wp-content\/uploads\/2025\/09\/accompagner2-scaled-1-1024x1024.jpg\" class=\"attachment-large size-large\" alt=\"\" srcset=\"https:\/\/elogie-siemp.paris\/planclimat\/wp-content\/uploads\/2025\/09\/accompagner2-scaled-1-1024x1024.jpg 1024w, https:\/\/elogie-siemp.paris\/planclimat\/wp-content\/uploads\/2025\/09\/accompagner2-scaled-1-300x300.jpg 300w, https:\/\/elogie-siemp.paris\/planclimat\/wp-content\/uploads\/2025\/09\/accompagner2-scaled-1-150x150.jpg 150w, https:\/\/elogie-siemp.paris\/planclimat\/wp-content\/uploads\/2025\/09\/accompagner2-scaled-1-768x768.jpg 768w, https:\/\/elogie-siemp.paris\/planclimat\/wp-content\/uploads\/2025\/09\/accompagner2-scaled-1-1536x1536.jpg 1536w, https:\/\/elogie-siemp.paris\/planclimat\/wp-content\/uploads\/2025\/09\/accompagner2-scaled-1-2048x2048.jpg 2048w, https:\/\/elogie-siemp.paris\/planclimat\/wp-content\/uploads\/2025\/09\/accompagner2-scaled-1-1000x1000.jpg 1000w\" sizes=\"auto, (max-width: 640px) 100vw, 640px\" \/>\t\t\t\t\t\t\t\t\t\t\t<\/div>\n<\/p><\/div>\n<\/p><\/div>\n<\/p><\/div>\n<\/p><\/div>\n<\/p><\/div>\n<div class=\"elementor-column elementor-col-50 elementor-inner-column elementor-element elementor-element-6009d770\" data-id=\"6009d770\" data-element_type=\"column\">\n<div class=\"elementor-column-wrap elementor-element-populated\">\n<div class=\"elementor-widget-wrap\">\n<div class=\"elementor-element elementor-element-2255da73 elementor-widget elementor-widget-heading\" data-id=\"2255da73\" data-element_type=\"widget\" data-widget_type=\"heading.default\">\n<div class=\"elementor-widget-container\">\n<h2 class=\"elementor-heading-title elementor-size-default\">R\u00c9DUIRE DE 30% LES \u00c9MISSIONS<br\/>\nDES TRANSPORTS DES CHANTIERS<\/h2>\n<\/p><\/div>\n<\/p><\/div>\n<div class=\"elementor-element elementor-element-76981151 elementor-widget elementor-widget-text-editor\" data-id=\"76981151\" data-element_type=\"widget\" data-widget_type=\"text-editor.default\">\n<div class=\"elementor-widget-container\">\n<div class=\"elementor-text-editor elementor-clearfix\">Les chantiers, de construction ou de r\u00e9habilitation, g\u00e9n\u00e8rent de nombreux d\u00e9placements quotidiens, sans qu\u2019on ait une id\u00e9e\u00a0pr\u00e9cise de leur impact. Elogie-Siemp s\u2019efforcera de\u00a0quantifier l\u2019impact GES de plusieurs chantiers tests d\u00e8s 2020, avant de d\u00e9finir\u00a0dans un second temps\u00a0un plan d\u2019actions \u00ab logistique des chantiers \u00bb\u00a0afin d\u2019impliquer les prestataires dans la diminution de\u00a0l\u2019impact des transports li\u00e9 aux chantiers.<\/p>\n<p><b>Les consultations comprendront un volet \u00ab flux de chantier et environnement \u00bb\u00a0permettant de mesurer les impacts de la logistique\u00a0et d\u2019encourager leur r\u00e9duction.<\/b><\/p>\n<div >\n<br\/>\nL\u2019objectif d\u2019Elogie-Siemp est de\u00a0diminuer de 30% les \u00e9missions de GES li\u00e9es aux chantiers entre 2020 et 2030.<\/p>\n<div><\/div>\n<\/div>\n<\/div><\/div>\n<\/p><\/div>\n<\/p><\/div>\n<\/p><\/div>\n<\/p><\/div>\n<\/p><\/div>\n<\/p><\/div>\n<\/section><\/div>\n<\/p><\/div>\n<\/p><\/div>\n<\/p><\/div>\n<\/p><\/div>\n<\/section>\n<section class=\"elementor-section elementor-top-section elementor-element elementor-element-52bc16bf elementor-section-full_width elementor-section-height-default elementor-section-height-default\" data-id=\"52bc16bf\" data-element_type=\"section\">\n<div class=\"elementor-container elementor-column-gap-default\">\n<div class=\"elementor-row\">\n<div class=\"elementor-column elementor-col-100 elementor-top-column elementor-element elementor-element-20c60a7d\" data-id=\"20c60a7d\" data-element_type=\"column\">\n<div class=\"elementor-column-wrap elementor-element-populated\">\n<div class=\"elementor-widget-wrap\">\n<section class=\"elementor-section elementor-inner-section elementor-element elementor-element-3d79bf85 elementor-section-full_width elementor-section-height-default elementor-section-height-default\" data-id=\"3d79bf85\" data-element_type=\"section\">\n<div class=\"elementor-container elementor-column-gap-default\">\n<div class=\"elementor-row\">\n<div class=\"elementor-column elementor-col-50 elementor-inner-column elementor-element elementor-element-2262f32a\" data-id=\"2262f32a\" data-element_type=\"column\">\n<div class=\"elementor-column-wrap elementor-element-populated\">\n<div class=\"elementor-widget-wrap\">\n<div class=\"elementor-element elementor-element-4939890c elementor-widget elementor-widget-heading\" data-id=\"4939890c\" data-element_type=\"widget\" data-widget_type=\"heading.default\">\n<div class=\"elementor-widget-container\">\n<h2 class=\"elementor-heading-title elementor-size-default\">TENDRE VERS 90% DES D\u00c9CHETS<br>VALORIS\u00c9S, R\u00c9EMPLOY\u00c9S OU RECYCL\u00c9S<\/h2>\n<\/p><\/div>\n<\/p><\/div>\n<div class=\"elementor-element elementor-element-a6a1514 elementor-widget elementor-widget-text-editor\" data-id=\"a6a1514\" data-element_type=\"widget\" data-widget_type=\"text-editor.default\">\n<div class=\"elementor-widget-container\">\n<div class=\"elementor-text-editor elementor-clearfix\">\n<p style=\"box-sizing: border-box; margin-top: 0px; margin-bottom: 1rem; color: #212529; font-family: 'NunitoSans Regular', Arial; font-size: 16px; font-style: normal; font-variant-ligatures: normal; font-variant-caps: normal; font-weight: 400; letter-spacing: normal; orphans: 2; text-align: left; text-indent: 0px; text-transform: none; white-space: normal; widows: 2; word-spacing: 0px; -webkit-text-stroke-width: 0px; background-color: #ffffff; text-decoration-style: initial; text-decoration-color: initial;\">Elogie-Siemp mettra en place pour les entreprises intervenant sur les chantiers un cadre sp\u00e9cifique relatif aux \u00ab d\u00e9chets de\u00a0chantier \u00bb afin de :<\/p>\n<ul>\n<li>R\u00e9duire les quantit\u00e9s de d\u00e9chets produites ;<\/li>\n<li>R\u00e9utiliser les mat\u00e9riaux issus du chantier, sur place ou sur d\u2019autres sites ;<\/li>\n<li>Recycler le reste des d\u00e9chets.\u00a0<\/li>\n<\/ul>\n<\/div><\/div>\n<\/p><\/div>\n<\/p><\/div>\n<\/p><\/div>\n<\/p><\/div>\n<div class=\"elementor-column elementor-col-50 elementor-inner-column elementor-element elementor-element-40f43120\" data-id=\"40f43120\" data-element_type=\"column\">\n<div class=\"elementor-column-wrap elementor-element-populated\">\n<div class=\"elementor-widget-wrap\">\n<section class=\"elementor-section elementor-inner-section elementor-element elementor-element-2d09d12 elementor-section-full_width elementor-section-height-default elementor-section-height-default\" data-id=\"2d09d12\" data-element_type=\"section\">\n<div class=\"elementor-container elementor-column-gap-default\">\n<div class=\"elementor-row\">\n<div class=\"elementor-column elementor-col-100 elementor-inner-column elementor-element elementor-element-752c1a99 p-0 m-0\" data-id=\"752c1a99\" data-element_type=\"column\">\n<div class=\"elementor-column-wrap elementor-element-populated\">\n<div class=\"elementor-widget-wrap\">\n<div class=\"elementor-element elementor-element-30171520 elementor-widget elementor-widget-text-editor\" data-id=\"30171520\" data-element_type=\"widget\" data-widget_type=\"text-editor.default\">\n<div class=\"elementor-widget-container\">\n<div class=\"elementor-text-editor elementor-clearfix\">\n<div>\n<p>Une fiche d\u2019engagement consacr\u00e9 \u00e0 la \u00ab valorisation d\u00e9chets \u00bb sera \u00e9labor\u00e9e d\u00e8s 2020 et \u00e0 pr\u00e9voir par les entreprises dans le\u00a0cadre des m\u00e9moires techniques lors des consultations, afin de formaliser et d\u2019\u00e9valuer leurs engagements.<\/p>\n<div><\/div>\n<\/div>\n<\/div><\/div>\n<\/p><\/div>\n<\/p><\/div>\n<\/p><\/div>\n<\/p><\/div>\n<\/p><\/div>\n<\/p><\/div>\n<\/section><\/div>\n<\/p><\/div>\n<\/p><\/div>\n<\/p><\/div>\n<\/p><\/div>\n<\/section><\/div>\n<\/p><\/div>\n<\/p><\/div>\n<\/p><\/div>\n<\/p><\/div>\n<\/section>\n<section class=\"elementor-section elementor-top-section elementor-element elementor-element-537ff098 elementor-section-full_width columns2_1-3 elementor-section-height-default elementor-section-height-default\" data-id=\"537ff098\" data-element_type=\"section\">\n<div class=\"elementor-container elementor-column-gap-default\">\n<div class=\"elementor-row\">\n<div class=\"elementor-column elementor-col-100 elementor-top-column elementor-element elementor-element-82fd58c\" data-id=\"82fd58c\" data-element_type=\"column\">\n<div class=\"elementor-column-wrap elementor-element-populated\">\n<div class=\"elementor-widget-wrap\">\n<section class=\"elementor-section elementor-inner-section elementor-element elementor-element-201b8c7f elementor-section-full_width elementor-section-height-default elementor-section-height-default\" data-id=\"201b8c7f\" data-element_type=\"section\">\n<div class=\"elementor-container elementor-column-gap-default\">\n<div class=\"elementor-row\">\n<div class=\"elementor-column elementor-col-50 elementor-inner-column elementor-element elementor-element-55e3daa6 columns2_images__item1\" data-id=\"55e3daa6\" data-element_type=\"column\">\n<div class=\"elementor-column-wrap elementor-element-populated\">\n<div class=\"elementor-widget-wrap\">\n<div class=\"elementor-element elementor-element-28225742 elementor-widget elementor-widget-image\" data-id=\"28225742\" data-element_type=\"widget\" data-widget_type=\"image.default\">\n<div class=\"elementor-widget-container\">\n<div class=\"elementor-image\">\n\t\t\t\t\t\t\t\t\t\t<img loading=\"lazy\" decoding=\"async\" width=\"640\" height=\"640\" src=\"https:\/\/elogie-siemp.paris\/planclimat\/wp-content\/uploads\/2025\/09\/accompagner3-scaled-2-1024x1024.jpg\" class=\"attachment-large size-large\" alt=\"\" srcset=\"https:\/\/elogie-siemp.paris\/planclimat\/wp-content\/uploads\/2025\/09\/accompagner3-scaled-2-1024x1024.jpg 1024w, https:\/\/elogie-siemp.paris\/planclimat\/wp-content\/uploads\/2025\/09\/accompagner3-scaled-2-300x300.jpg 300w, https:\/\/elogie-siemp.paris\/planclimat\/wp-content\/uploads\/2025\/09\/accompagner3-scaled-2-150x150.jpg 150w, https:\/\/elogie-siemp.paris\/planclimat\/wp-content\/uploads\/2025\/09\/accompagner3-scaled-2-768x768.jpg 768w, https:\/\/elogie-siemp.paris\/planclimat\/wp-content\/uploads\/2025\/09\/accompagner3-scaled-2-1536x1536.jpg 1536w, https:\/\/elogie-siemp.paris\/planclimat\/wp-content\/uploads\/2025\/09\/accompagner3-scaled-2-2048x2048.jpg 2048w, https:\/\/elogie-siemp.paris\/planclimat\/wp-content\/uploads\/2025\/09\/accompagner3-scaled-2-1000x1000.jpg 1000w\" sizes=\"auto, (max-width: 640px) 100vw, 640px\" \/>\t\t\t\t\t\t\t\t\t\t\t<\/div>\n<\/p><\/div>\n<\/p><\/div>\n<\/p><\/div>\n<\/p><\/div>\n<\/p><\/div>\n<div class=\"elementor-column elementor-col-50 elementor-inner-column elementor-element elementor-element-51363a7b\" data-id=\"51363a7b\" data-element_type=\"column\">\n<div class=\"elementor-column-wrap elementor-element-populated\">\n<div class=\"elementor-widget-wrap\">\n<div class=\"elementor-element elementor-element-7a4349f2 elementor-widget elementor-widget-heading\" data-id=\"7a4349f2\" data-element_type=\"widget\" data-widget_type=\"heading.default\">\n<div class=\"elementor-widget-container\">\n<h2 class=\"elementor-heading-title elementor-size-default\">G\u00c9N\u00c9RALISER LE COMPOSTAGE<br>COLLECTIF ET R\u00c9DUIRE<br>LES D\u00c9CHETS<\/h2>\n<\/p><\/div>\n<\/p><\/div>\n<div class=\"elementor-element elementor-element-6955f87d elementor-widget elementor-widget-text-editor\" data-id=\"6955f87d\" data-element_type=\"widget\" data-widget_type=\"text-editor.default\">\n<div class=\"elementor-widget-container\">\n<div class=\"elementor-text-editor elementor-clearfix\">\n<p>Afin d\u2019encourager le tri des bio d\u00e9chets, Elogie-Siemp d\u00e9veloppera le compostage en pied d\u2019immeuble pour les locataires.<\/p>\n<p>Parce que le meilleur d\u00e9chet est celui qu\u2019on ne produit pas, Elogie-Siemp prendra sa part de l\u2019objectif\u00a0<b>Z\u00e9ro D\u00e9chets<\/b>\u00a0en\u00a0accompagnant les campagnes de communication existantes, en les relayant tout au long de l\u2019ann\u00e9e aupr\u00e8s de ses locataires et\u00a0en favorisant l\u2019installation de commerces \u00ab vrac \u00bb, de recycleries et d\u2019ateliers de r\u00e9paration dans ses locaux d\u2019activit\u00e9.<\/p>\n<\/div><\/div>\n<\/p><\/div>\n<\/p><\/div>\n<\/p><\/div>\n<\/p><\/div>\n<\/p><\/div>\n<\/p><\/div>\n<\/section><\/div>\n<\/p><\/div>\n<\/p><\/div>\n<\/p><\/div>\n<\/p><\/div>\n<\/section><\/div>\n<\/p><\/div>\n<\/p><\/div>\n","protected":false},"excerpt":{"rendered":"<p>Accompagner les mutations de la ville Rendre accessible \u00e0 tous les mobilit\u00e9s Un plan v\u00e9lo sera \u00e9labor\u00e9 afin de faciliter l\u2019usage du v\u00e9lo par les locataires. La qualit\u00e9 d\u2019usage des \u00e9quipements sera \u00e9valu\u00e9e, la conception des locaux v\u00e9lo sera r\u00e9\u00e9tudi\u00e9e avec la F\u00e9d\u00e9ration des Usagers de la Bicyclette et les locaux seront mis \u00e0 niveau, [&#8230;]<\/p>\n<p><a class=\"btn btn-secondary understrap-read-more-link\" href=\"https:\/\/elogie-siemp.paris\/planclimat\/plan-dactions\/4-accompagner\">Lire la suite&#8230;<\/a><\/p>\n","protected":false},"author":1,"featured_media":0,"parent":1576,"menu_order":4,"comment_status":"closed","ping_status":"closed","template":"","meta":{"_acf_changed":false,"footnotes":""},"class_list":["post-574","page","type-page","status-publish","hentry"],"acf":[],"_links":{"self":[{"href":"https:\/\/elogie-siemp.paris\/planclimat\/wp-json\/wp\/v2\/pages\/574","targetHints":{"allow":["GET"]}}],"collection":[{"href":"https:\/\/elogie-siemp.paris\/planclimat\/wp-json\/wp\/v2\/pages"}],"about":[{"href":"https:\/\/elogie-siemp.paris\/planclimat\/wp-json\/wp\/v2\/types\/page"}],"author":[{"embeddable":true,"href":"https:\/\/elogie-siemp.paris\/planclimat\/wp-json\/wp\/v2\/users\/1"}],"replies":[{"embeddable":true,"href":"https:\/\/elogie-siemp.paris\/planclimat\/wp-json\/wp\/v2\/comments?post=574"}],"version-history":[{"count":4,"href":"https:\/\/elogie-siemp.paris\/planclimat\/wp-json\/wp\/v2\/pages\/574\/revisions"}],"predecessor-version":[{"id":2509,"href":"https:\/\/elogie-siemp.paris\/planclimat\/wp-json\/wp\/v2\/pages\/574\/revisions\/2509"}],"up":[{"embeddable":true,"href":"https:\/\/elogie-siemp.paris\/planclimat\/wp-json\/wp\/v2\/pages\/1576"}],"wp:attachment":[{"href":"https:\/\/elogie-siemp.paris\/planclimat\/wp-json\/wp\/v2\/media?parent=574"}],"curies":[{"name":"wp","href":"https:\/\/api.w.org\/{rel}","templated":true}]}}