{"id":237,"date":"2020-03-20T14:19:34","date_gmt":"2020-03-20T13:19:34","guid":{"rendered":"\/\/localhost:3000\/es_plan_climat\/?page_id=237"},"modified":"2020-03-20T14:19:34","modified_gmt":"2020-03-20T13:19:34","slug":"mentions-legales","status":"publish","type":"page","link":"https:\/\/elogie-siemp.paris\/planclimat\/mentions-legales","title":{"rendered":"Mentions l\u00e9gales"},"content":{"rendered":"<h2>Politique des donn\u00e9es personnelles<\/h2>\n<p>Elogie-SIEMP accorde la plus grande attention \u00e0 la protection des donn\u00e9es \u00e0 caract\u00e8re personnel de ses locataires et toute personne qui acc\u00e8de \u00e0 son site internet.\nTous les traitements sur vos donn\u00e9es personnelles sont r\u00e9alis\u00e9s dans le respect de la r\u00e9glementation en vigueur et notamment de la loi Informatique et Libert\u00e9s du 6 janvier 1978 modifi\u00e9e et du R\u00e8glement (UE) 2016\/679 sur la protection des donn\u00e9es du 27 avril 2016 (RGPD).\nLes pr\u00e9sentes dispositions d\u00e9crivent les conditions dans lesquelles Elogie-SIEMP peut \u00eatre amen\u00e9e \u00e0 collecter et traiter des donn\u00e9es \u00e0 caract\u00e8re personnelle vous concernant quand vous naviguez sur le site <a href=\"https:\/\/elogie-siemp.paris\/planclimat\">elogie-siemp.paris\/planclimat<\/a><\/p>\n<h4>D\u00e9finitions<\/h4>\n<p><strong>Donn\u00e9e \u00e0 caract\u00e8re personnel :<\/strong> toute information relative \u00e0 une personne physique identifi\u00e9e ou qui peut \u00eatre identifi\u00e9e, directement ou indirectement, par r\u00e9f\u00e9rence \u00e0 un num\u00e9ro d\u2019identification ou \u00e0 un ou plusieurs \u00e9l\u00e9ments qui lui sont propres.\n<strong>Traitement de donn\u00e9es \u00e0 caract\u00e8re personnel\u00a0:<\/strong> toute op\u00e9ration ou tout ensemble d\u2019op\u00e9rations effectu\u00e9es ou non \u00e0 l\u2019aide de proc\u00e9d\u00e9s automatis\u00e9s et appliqu\u00e9es \u00e0 des donn\u00e9es, telles que la collecte, l\u2019enregistrement, l\u2019organisation, la structuration, la conservation, \u2018adaptation ou la modification, \u2018extraction, la consultation, l\u2019utilisation, la communication par transmission, la diffusion ou toute autre forme de mise \u00e0 disposition, le rapprochement ou l\u2019interconnexion, la limitation, l\u2019effacement ou la destruction;<\/p>\n<h4>Identit\u00e9 du responsable du traitement<\/h4>\n<p>Les donn\u00e9es \u00e0 caract\u00e8re personnel sont collect\u00e9es par Elogie-SIEMP dans le cadre de ses activit\u00e9s.<\/p>\n<h4>Traitement des donn\u00e9es \u00e0 caract\u00e8re personnel<\/h4>\n<p>Dans le cadre de l\u2019exploitation de son site internet <a href=\"https:\/\/elogie-siemp.paris\">elogie-siemp.paris<\/a>, Elogie-SIEMP collecte des donn\u00e9es vous concernant.\nLes traitements mis en \u0153uvre sur le site Internet d\u2019Elogie-SIEMP, r\u00e9pondant \u00e0 une finalit\u00e9 explicite et l\u00e9gitime, sont les suivants\u00a0:<\/p>\n<ul>\n<li>Le traitement de votre demande li\u00e9e \u00e0 l\u2019ouverture\/acc\u00e8s \u00e0 votre compte \u00ab locataires \u00bb et la gestion de vos demandes administratives et techniques ;<\/li>\n<li>La gestion des demandes demande contact ;<\/li>\n<li>La navigation et la gestion de ses pr\u00e9f\u00e9rence ;<\/li>\n<li>La gestion du recrutement.<\/li>\n<\/ul>\n<h4>Donn\u00e9es \u00e0 caract\u00e8re personnel collect\u00e9es et trait\u00e9es<\/h4>\n<p>Elogie-SIEMP s\u2019engage \u00e0 ne collecter que les donn\u00e9es \u00e0 caract\u00e8re personnel strictement n\u00e9cessaires au regard de la finalit\u00e9 pour laquelle elles sont trait\u00e9es (principe de minimisation).\nSur le site internet, les champs identifi\u00e9s par un ast\u00e9risque doivent obligatoirement \u00eatre renseign\u00e9s. \u00c0 d\u00e9faut, vous ne serez pas en mesure de b\u00e9n\u00e9ficier des fonctionnalit\u00e9s et services propos\u00e9s par le site elogie-siemp.paris. Les autres champs sont facultatifs et n\u2019entravent pas la gestion de votre demande s\u2019ils restent vides.\nEn particulier, Elogie-SIEMP pourra \u00eatre amen\u00e9 \u00e0 collecter les donn\u00e9es suivantes\u00a0:<\/p>\n<ul>\n<li>Pour la cr\u00e9ation d\u2019un compte locataire : Identit\u00e9 : nom, pr\u00e9noms courriel.<\/li>\n<li>Donn\u00e9es relatives aux candidatures : CV, lettres de motivation.<\/li>\n<li>Donn\u00e9es relatives \u00e0 la navigation sur les sites web (horodatage, adresse IP des usagers, donn\u00e9es techniques relatives \u00e0 l\u2019\u00e9quipement et au navigateur utilis\u00e9s par les usagers, cookies) et sur les plateformes num\u00e9riques via des boutons de partage et des m\u00e9dias (cookies et autres traceurs).<\/li>\n<\/ul>\n<h4>Destinataires de vos donn\u00e9es<\/h4>\n<p>En fonction de leurs besoins respectifs, sont destinataires de tout ou partie des donn\u00e9es.<\/p>\n<ul>\n<li>Les personnels des services habilit\u00e9s d\u2019Elogie-SIEMP.<\/li>\n<li>Les personnels des sous-traitants d\u2019Elogie-SIEMP dans les stricts conditions contractuelles dans le cadre de leurs missions.<\/li>\n<\/ul>\n<p>Les donn\u00e9es \u00e0 caract\u00e8re personnel des utilisateurs du site <a href=\"https:\/\/elogie-siemp.paris\">elogie-siemp.paris<\/a> ne font pas l\u2019objet d\u2019un transfert hors de l\u2019Union Europ\u00e9enne.<\/p>\n<h4>Dur\u00e9e de conservation de vos donn\u00e9es<\/h4>\n<p>Elogie-SIEMP conservera vos donn\u00e9es personnelles dans un environnement s\u00e9curis\u00e9 pendant le temps n\u00e9cessaire \u00e0 la gestion de votre demande augment\u00e9e le cas \u00e9ch\u00e9ant des prescriptions l\u00e9gales.<\/p>\n<h4>Droits et exercice de vos droits<\/h4>\n<p>Conform\u00e9ment aux articles 13 et suivants du r\u00e8glement europ\u00e9en n\u00b0 2016\/679 du 27 avril 2016, vous disposez d\u2019un droit d\u2019acc\u00e8s, de rectification ou d\u2019effacement, de limitation du traitement de vos donn\u00e9es, d\u2019un droit d\u2019opposition, d\u2019un droit \u00e0 la portabilit\u00e9 de vos donn\u00e9es ainsi que du droit de d\u00e9finir des directives relatives au sort de vos donn\u00e9es apr\u00e8s votre d\u00e9c\u00e8s.\nCes droits s\u2019exercent aupr\u00e8s du D\u00e9l\u00e9gu\u00e9 \u00e0 la Protection des Donn\u00e9es aux adresses suivantes\u00a0:\u00a0<a href=\"mailto:privacy@elogie-siemp.paris\">privacy@elogie-siemp.paris<\/a> ou Elogie-SIEMP \u2013 DPO \u2013 8 boulevard d\u2019Indochine 75019 Paris. Toute demande devra \u00eatre accompagn\u00e9e d&rsquo;une copie d&rsquo;un titre d&rsquo;identit\u00e9.\nSi vous estimez que le traitement de vos donnes n\u2019est pas conforme aux textes en vigueur, vous disposez \u00e9galement d\u2019un droit de r\u00e9clamation aupr\u00e8s de la Commission Nationale Informatique et Libert\u00e9s (CNIL).<\/p>\n","protected":false},"excerpt":{"rendered":"<p>Politique des donn\u00e9es personnelles Elogie-SIEMP accorde la plus grande attention \u00e0 la protection des donn\u00e9es \u00e0 caract\u00e8re personnel de ses locataires et toute personne qui acc\u00e8de \u00e0 son site internet. Tous les traitements sur vos donn\u00e9es personnelles sont r\u00e9alis\u00e9s dans le respect de la r\u00e9glementation en vigueur et notamment de la loi Informatique et Libert\u00e9s [&#8230;]<\/p>\n<p><a class=\"btn btn-secondary understrap-read-more-link\" href=\"https:\/\/elogie-siemp.paris\/planclimat\/mentions-legales\">Lire la suite&#8230;<\/a><\/p>\n","protected":false},"author":1,"featured_media":0,"parent":0,"menu_order":100,"comment_status":"closed","ping_status":"closed","template":"page-templates\/both-sidebarspage.php","meta":{"_acf_changed":false,"footnotes":""},"class_list":["post-237","page","type-page","status-publish","hentry"],"acf":[],"_links":{"self":[{"href":"https:\/\/elogie-siemp.paris\/planclimat\/wp-json\/wp\/v2\/pages\/237","targetHints":{"allow":["GET"]}}],"collection":[{"href":"https:\/\/elogie-siemp.paris\/planclimat\/wp-json\/wp\/v2\/pages"}],"about":[{"href":"https:\/\/elogie-siemp.paris\/planclimat\/wp-json\/wp\/v2\/types\/page"}],"author":[{"embeddable":true,"href":"https:\/\/elogie-siemp.paris\/planclimat\/wp-json\/wp\/v2\/users\/1"}],"replies":[{"embeddable":true,"href":"https:\/\/elogie-siemp.paris\/planclimat\/wp-json\/wp\/v2\/comments?post=237"}],"version-history":[{"count":0,"href":"https:\/\/elogie-siemp.paris\/planclimat\/wp-json\/wp\/v2\/pages\/237\/revisions"}],"wp:attachment":[{"href":"https:\/\/elogie-siemp.paris\/planclimat\/wp-json\/wp\/v2\/media?parent=237"}],"curies":[{"name":"wp","href":"https:\/\/api.w.org\/{rel}","templated":true}]}}