{"id":2047,"date":"2023-01-09T17:22:57","date_gmt":"2023-01-09T16:22:57","guid":{"rendered":"https:\/\/elogie-siemp.paris\/planclimat\/?page_id=2047"},"modified":"2023-01-09T17:22:57","modified_gmt":"2023-01-09T16:22:57","slug":"lexique","status":"publish","type":"page","link":"https:\/\/elogie-siemp.paris\/planclimat\/lexique","title":{"rendered":"Lexique"},"content":{"rendered":"<div class=\"tooltips_directory\">\n<div class=\"tooltips_list\"><span class=\"tooltips_table_items\"><\/p>\n<div class=\"tooltips_table\">\n<div class=\"tooltips_table_title\"><a href=\"https:\/\/elogie-siemp.paris\/planclimat\/actualites-projets\/?post=lexique\/acv\"><span class='tooltipsall tooltipsincontent classtoolTips14'>ACV<\/span><\/a><\/div>\n<div class=\"tooltips_table_content\">Analyse du Cycle de Vie.<\/p>\n<div id=\"gtx-trans\" style=\"position: absolute; left: -117px; top: 0px;\">\n<div class=\"gtx-trans-icon\"><\/div>\n<\/div>\n<\/div>\n<\/div>\n<p><\/span><\/div>\n<div class=\"tooltips_list\"><span class=\"tooltips_table_items\"><\/p>\n<div class=\"tooltips_table\">\n<div class=\"tooltips_table_title\"><a href=\"https:\/\/elogie-siemp.paris\/planclimat\/actualites-projets\/?post=lexique\/amap\"><span class='tooltipsall tooltipsincontent classtoolTips6'>AMAP<\/span><\/a><\/div>\n<div class=\"tooltips_table_content\">Association pour le Maintien d\u2019une Agriculture Paysanne.<\/div>\n<\/div>\n<p><\/span><\/div>\n<div class=\"tooltips_list\"><span class=\"tooltips_table_items\"><\/p>\n<div class=\"tooltips_table\">\n<div class=\"tooltips_table_title\"><a href=\"https:\/\/elogie-siemp.paris\/planclimat\/actualites-projets\/?post=lexique\/apc\"><span class='tooltipsall tooltipsincontent classtoolTips15'>APC<\/span><\/a><\/div>\n<div class=\"tooltips_table_content\">Agence Parisienne du Climat.<\/div>\n<\/div>\n<p><\/span><\/div>\n<div class=\"tooltips_list\"><span class=\"tooltips_table_items\"><\/p>\n<div class=\"tooltips_table\">\n<div class=\"tooltips_table_title\"><a href=\"https:\/\/elogie-siemp.paris\/planclimat\/actualites-projets\/?post=lexique\/apur\"><span class='tooltipsall tooltipsincontent classtoolTips5'>APUR<\/span><\/a><\/div>\n<div class=\"tooltips_table_content\">Agence Parisienne de l\u2019Urbanisme.<\/div>\n<\/div>\n<p><\/span><\/div>\n<div class=\"tooltips_list\"><span class=\"tooltips_table_items\"><\/p>\n<div class=\"tooltips_table\">\n<div class=\"tooltips_table_title\"><a href=\"https:\/\/elogie-siemp.paris\/planclimat\/actualites-projets\/?post=lexique\/bim\"><span class='tooltipsall tooltipsincontent classtoolTips13'>BIM<\/span><\/a><\/div>\n<div class=\"tooltips_table_content\">La mod\u00e9lisation des donn\u00e9es du b\u00e2timent (<span class='tooltipsall tooltipsincontent classtoolTips13'>BIM<\/span>) est la base de la transformation num\u00e9rique dans le secteur de l\u2019architecture, de l\u2019ing\u00e9nierie et de la construction.<\/div>\n<\/div>\n<p><\/span><\/div>\n<div class=\"tooltips_list\"><span class=\"tooltips_table_items\"><\/p>\n<div class=\"tooltips_table\">\n<div class=\"tooltips_table_title\"><a href=\"https:\/\/elogie-siemp.paris\/planclimat\/actualites-projets\/?post=lexique\/cpcu\"><span class='tooltipsall tooltipsincontent classtoolTips8'>CPCU<\/span><\/a><\/div>\n<div class=\"tooltips_table_content\">Compagnie Parisienne du Chauffage Urbain, soci\u00e9t\u00e9 appartenant \u00e0 ENGIE et \u00e0 la ville de Paris.<\/div>\n<\/div>\n<p><\/span><\/div>\n<div class=\"tooltips_list\"><span class=\"tooltips_table_items\"><\/p>\n<div class=\"tooltips_table\">\n<div class=\"tooltips_table_title\"><a href=\"https:\/\/elogie-siemp.paris\/planclimat\/actualites-projets\/?post=lexique\/cstb\"><span class='tooltipsall tooltipsincontent classtoolTips7'>CSTB<\/span><\/a><\/div>\n<div class=\"tooltips_table_content\">Centre Scientifique et Technique du B\u00e2timent.<\/div>\n<\/div>\n<p><\/span><\/div>\n<div class=\"tooltips_list\"><span class=\"tooltips_table_items\"><\/p>\n<div class=\"tooltips_table\">\n<div class=\"tooltips_table_title\"><a href=\"https:\/\/elogie-siemp.paris\/planclimat\/actualites-projets\/?post=lexique\/debitumer\"><span class='tooltipsall tooltipsincontent classtoolTips2'>D\u00e9bitumer<\/span><\/a><\/div>\n<div class=\"tooltips_table_content\">Supprimer des surfaces ext\u00e9rieures \u00e9tanches pour r\u00e9tablir un lien entre le sol et la pluie.<\/div>\n<\/div>\n<p><\/span><\/div>\n<div class=\"tooltips_list\"><span class=\"tooltips_table_items\"><\/p>\n<div class=\"tooltips_table\">\n<div class=\"tooltips_table_title\"><a href=\"https:\/\/elogie-siemp.paris\/planclimat\/actualites-projets\/?post=lexique\/eivp\"><span class='tooltipsall tooltipsincontent classtoolTips9'>EIVP<\/span><\/a><\/div>\n<div class=\"tooltips_table_content\">Ecole des Ing\u00e9nieurs de la Ville de Paris, elle est l\u2019une des 204 \u00e9coles d\u2019ing\u00e9nieurs fran\u00e7aises accr\u00e9dit\u00e9es au 1er septembre 2020 \u00e0 d\u00e9livrer un dipl\u00f4me d\u2019ing\u00e9nieur.<\/div>\n<\/div>\n<p><\/span><\/div>\n<div class=\"tooltips_list\"><span class=\"tooltips_table_items\"><\/p>\n<div class=\"tooltips_table\">\n<div class=\"tooltips_table_title\"><a href=\"https:\/\/elogie-siemp.paris\/planclimat\/actualites-projets\/?post=lexique\/endemique\"><span class='tooltipsall tooltipsincontent classtoolTips1'>End\u00e9mique<\/span><\/a><\/div>\n<div class=\"tooltips_table_content\">C\u2019est une esp\u00e8ce naturellement restreinte \u00e0 une zone limit\u00e9e, dont la\u00a0g\u00e9ographie\u00a0est cern\u00e9e, il est important de les conserver car de petits changements dans l\u2019habitat peuvent conduire \u00e0 l\u2019extinction de l\u2019ensemble de l\u2019esp\u00e8ce.<\/div>\n<\/div>\n<p><\/span><\/div>\n<div class=\"tooltips_list\"><span class=\"tooltips_table_items\"><\/p>\n<div class=\"tooltips_table\">\n<div class=\"tooltips_table_title\"><a href=\"https:\/\/elogie-siemp.paris\/planclimat\/actualites-projets\/?post=lexique\/estp\"><span class='tooltipsall tooltipsincontent classtoolTips10'>ESTP<\/span><\/a><\/div>\n<div class=\"tooltips_table_content\">Ecole Sp\u00e9cial des Travaux Publics, du b\u00e2timent et de l\u2019industrie, elle est l\u2019une des 204 \u00e9coles d\u2019ing\u00e9nieurs fran\u00e7aises accr\u00e9dit\u00e9es au 1septembre 2020 \u00e0 d\u00e9livrer un dipl\u00f4me d\u2019ing\u00e9nieur.<\/div>\n<\/div>\n<p><\/span><\/div>\n<div class=\"tooltips_list\"><span class=\"tooltips_table_items\"><\/p>\n<div class=\"tooltips_table\">\n<div class=\"tooltips_table_title\"><a href=\"https:\/\/elogie-siemp.paris\/planclimat\/actualites-projets\/?post=lexique\/hbm\"><span class='tooltipsall tooltipsincontent classtoolTips12'>HBM<\/span><\/a><\/div>\n<div class=\"tooltips_table_content\">Habitation \u00e0 bon march\u00e9.<\/div>\n<\/div>\n<p><\/span><\/div>\n<div class=\"tooltips_list\"><span class=\"tooltips_table_items\"><\/p>\n<div class=\"tooltips_table\">\n<div class=\"tooltips_table_title\"><a href=\"https:\/\/elogie-siemp.paris\/planclimat\/actualites-projets\/?post=lexique\/materiaux-biosources\"><span class='tooltipsall tooltipsincontent classtoolTips0'>Mat\u00e9riaux biosourc\u00e9s<\/span><\/a><\/div>\n<div class=\"tooltips_table_content\">Ce sont tous les mat\u00e9riaux enti\u00e8rement ou partiellement issus du vivant. Ceci inclus les mati\u00e8res premi\u00e8res issues de la biomasse v\u00e9g\u00e9tale (comme la paille), ou animale (comme la laine de mouton). Ils ont une faible empreinte carbone et peu d\u2019\u00e9nergie est n\u00e9cessaire \u00e0 leur fabrication.<\/div>\n<\/div>\n<p><\/span><\/div>\n<div class=\"tooltips_list\"><span class=\"tooltips_table_items\"><\/p>\n<div class=\"tooltips_table\">\n<div class=\"tooltips_table_title\"><a href=\"https:\/\/elogie-siemp.paris\/planclimat\/actualites-projets\/?post=lexique\/test\"><span class='tooltipsall tooltipsincontent classtoolTips11'>MOE<\/span><\/a><\/div>\n<div class=\"tooltips_table_content\">Ma\u00eetrise d\u2019\u0153uvre, c\u2019est la personne qui d\u00e9cide des moyens technique mise en \u0153uvre pour concevoir le produit.<\/div>\n<\/div>\n<p><\/span><\/div>\n<div class=\"tooltips_list\"><span class=\"tooltips_table_items\"><\/p>\n<div class=\"tooltips_table\">\n<div class=\"tooltips_table_title\"><a href=\"https:\/\/elogie-siemp.paris\/planclimat\/actualites-projets\/?post=lexique\/odd\"><span class='tooltipsall tooltipsincontent classtoolTips16'>ODD<\/span><\/a><\/div>\n<div class=\"tooltips_table_content\">Objectifs de D\u00e9veloppement Durable (ONU).<\/div>\n<\/div>\n<p><\/span><\/div>\n<div class=\"tooltips_list\"><span class=\"tooltips_table_items\"><\/p>\n<div class=\"tooltips_table\">\n<div class=\"tooltips_table_title\"><a href=\"https:\/\/elogie-siemp.paris\/planclimat\/actualites-projets\/?post=lexique\/opendata\"><span class='tooltipsall tooltipsincontent classtoolTips3'>Opendata<\/span><\/a><\/div>\n<div class=\"tooltips_table_content\">Partager avec tous les donn\u00e9es issues de nos retours d\u2019exp\u00e9rience pour faire progresser l\u2019\u00e9tat des connaissances et amorcer des solutions nouvelles.<\/div>\n<\/div>\n<p><\/span><\/div>\n<div class=\"tooltips_list\"><span class=\"tooltips_table_items\"><\/p>\n<div class=\"tooltips_table\">\n<div class=\"tooltips_table_title\"><a href=\"https:\/\/elogie-siemp.paris\/planclimat\/actualites-projets\/?post=lexique\/pcaet\"><span class='tooltipsall tooltipsincontent classtoolTips4'>PCAET<\/span><\/a><\/div>\n<div class=\"tooltips_table_content\">Plan Climat Air Energie Territorial.<\/div>\n<\/div>\n<p><\/span><\/div>\n<div class=\"tooltips_list\"><span class=\"tooltips_table_items\"><\/p>\n<div class=\"tooltips_table\">\n<div class=\"tooltips_table_title\"><a href=\"https:\/\/elogie-siemp.paris\/planclimat\/actualites-projets\/?post=lexique\/psp\"><span class='tooltipsall tooltipsincontent classtoolTips17'>PSP<\/span><\/a><\/div>\n<div class=\"tooltips_table_content\">Plan Strat\u00e9gique et Patrimonial.<\/div>\n<\/div>\n<p><\/span><\/div>\n<\/div>\n<script type=\"text\/javascript\"> toolTips('.classtoolTips0','Ce sont tous les mat\u00e9riaux enti\u00e8rement ou partiellement issus du vivant. Ceci inclus les mati\u00e8res premi\u00e8res issues de la biomasse v\u00e9g\u00e9tale (comme la paille), ou animale (comme la laine de mouton). Ils ont une faible empreinte carbone et peu d\u2019\u00e9nergie est n\u00e9cessaire \u00e0 leur fabrication.'); <\/script><script type=\"text\/javascript\"> toolTips('.classtoolTips1','C\u2019est une esp\u00e8ce naturellement restreinte \u00e0 une zone limit\u00e9e, dont la\u00a0g\u00e9ographie\u00a0est cern\u00e9e, il est important de les conserver car de petits changements dans l\u2019habitat peuvent conduire \u00e0 l\u2019extinction de l\u2019ensemble de l\u2019esp\u00e8ce.'); <\/script><script type=\"text\/javascript\"> toolTips('.classtoolTips2','Supprimer des surfaces ext\u00e9rieures \u00e9tanches pour r\u00e9tablir un lien entre le sol et la pluie.'); <\/script><script type=\"text\/javascript\"> toolTips('.classtoolTips3','Partager avec tous les donn\u00e9es issues de nos retours d\u2019exp\u00e9rience pour faire progresser l\u2019\u00e9tat des connaissances et amorcer des solutions nouvelles.'); <\/script><script type=\"text\/javascript\"> toolTips('.classtoolTips4','Plan Climat Air Energie Territorial.'); <\/script><script type=\"text\/javascript\"> toolTips('.classtoolTips5','Agence Parisienne de l\u2019Urbanisme.'); <\/script><script type=\"text\/javascript\"> toolTips('.classtoolTips6','Association pour le Maintien d\u2019une Agriculture Paysanne.'); <\/script><script type=\"text\/javascript\"> toolTips('.classtoolTips7','Centre Scientifique et Technique du B\u00e2timent.'); <\/script><script type=\"text\/javascript\"> toolTips('.classtoolTips8','Compagnie Parisienne du Chauffage Urbain, soci\u00e9t\u00e9 appartenant \u00e0 ENGIE et \u00e0 la ville de Paris.'); <\/script><script type=\"text\/javascript\"> toolTips('.classtoolTips9','Ecole des Ing\u00e9nieurs de la Ville de Paris, elle est l\u2019une des 204 \u00e9coles d\u2019ing\u00e9nieurs fran\u00e7aises accr\u00e9dit\u00e9es au 1er septembre 2020 \u00e0 d\u00e9livrer un dipl\u00f4me d\u2019ing\u00e9nieur.'); <\/script><script type=\"text\/javascript\"> toolTips('.classtoolTips10','Ecole Sp\u00e9cial des Travaux Publics, du b\u00e2timent et de l\u2019industrie, elle est l\u2019une des 204 \u00e9coles d\u2019ing\u00e9nieurs fran\u00e7aises accr\u00e9dit\u00e9es au 1septembre 2020 \u00e0 d\u00e9livrer un dipl\u00f4me d\u2019ing\u00e9nieur.'); <\/script><script type=\"text\/javascript\"> toolTips('.classtoolTips11','Ma\u00eetrise d\u2019\u0153uvre, c\u2019est la personne qui d\u00e9cide des moyens technique mise en \u0153uvre pour concevoir le produit.'); <\/script><script type=\"text\/javascript\"> toolTips('.classtoolTips12','Habitation \u00e0 bon march\u00e9.'); <\/script><script type=\"text\/javascript\"> toolTips('.classtoolTips13','La mod\u00e9lisation des donn\u00e9es du b\u00e2timent (BIM) est la base de la transformation num\u00e9rique dans le secteur de l\u2019architecture, de l\u2019ing\u00e9nierie et de la construction.'); <\/script><script type=\"text\/javascript\"> toolTips('.classtoolTips14','Analyse du Cycle de Vie.<br\/><div id=\"gtx-trans\" style=\"position: absolute; left: -117px; top: 0px;\"><br\/><div class=\"gtx-trans-icon\"><\/div><br\/><\/div>'); <\/script><script type=\"text\/javascript\"> toolTips('.classtoolTips15','Agence Parisienne du Climat.'); <\/script><script type=\"text\/javascript\"> toolTips('.classtoolTips16','Objectifs de D\u00e9veloppement Durable (ONU).'); <\/script><script type=\"text\/javascript\"> toolTips('.classtoolTips17','Plan Strat\u00e9gique et Patrimonial.'); <\/script>","protected":false},"excerpt":{"rendered":"<p> [&#8230;]<\/p>\n<p><a class=\"btn btn-secondary understrap-read-more-link\" href=\"https:\/\/elogie-siemp.paris\/planclimat\/lexique\">Lire la suite&#8230;<\/a><\/p>\n","protected":false},"author":1,"featured_media":0,"parent":0,"menu_order":0,"comment_status":"closed","ping_status":"closed","template":"","meta":{"_acf_changed":false,"footnotes":""},"class_list":["post-2047","page","type-page","status-publish","hentry"],"acf":[],"_links":{"self":[{"href":"https:\/\/elogie-siemp.paris\/planclimat\/wp-json\/wp\/v2\/pages\/2047","targetHints":{"allow":["GET"]}}],"collection":[{"href":"https:\/\/elogie-siemp.paris\/planclimat\/wp-json\/wp\/v2\/pages"}],"about":[{"href":"https:\/\/elogie-siemp.paris\/planclimat\/wp-json\/wp\/v2\/types\/page"}],"author":[{"embeddable":true,"href":"https:\/\/elogie-siemp.paris\/planclimat\/wp-json\/wp\/v2\/users\/1"}],"replies":[{"embeddable":true,"href":"https:\/\/elogie-siemp.paris\/planclimat\/wp-json\/wp\/v2\/comments?post=2047"}],"version-history":[{"count":0,"href":"https:\/\/elogie-siemp.paris\/planclimat\/wp-json\/wp\/v2\/pages\/2047\/revisions"}],"wp:attachment":[{"href":"https:\/\/elogie-siemp.paris\/planclimat\/wp-json\/wp\/v2\/media?parent=2047"}],"curies":[{"name":"wp","href":"https:\/\/api.w.org\/{rel}","templated":true}]}}