{"id":1577,"date":"2020-03-11T12:30:43","date_gmt":"2020-03-11T11:30:43","guid":{"rendered":"\/\/localhost:3000\/es_plan_climat\/?page_id=11"},"modified":"2020-03-11T12:30:43","modified_gmt":"2020-03-11T11:30:43","slug":"indicateurs","status":"publish","type":"page","link":"https:\/\/elogie-siemp.paris\/planclimat\/indicateurs","title":{"rendered":"Indicateurs"},"content":{"rendered":"<\/p>\n<p>Ci-dessous la liste de nos indicateurs actifs depuis 2018. <br \/>R\u00e9guli\u00e8rement, de nouveaux indicateurs seront int\u00e9gr\u00e9s en fonction de la structuration des th\u00e9matiques de notre d\u00e9marche.<\/p>\n<\/p>\n<div class=\"table-responsive mt-5\">\n<table class=\"table table-striped table-fixed\">\n<thead class=\"thead-dark\">\n<tr>\n<th style=\"width: 20%;\">Nom de l&rsquo;indicateur<\/th>\n<th style=\"width: 20%;\">2018<\/th>\n<th style=\"width: 20%;\">2019<\/th>\n<th style=\"width: 20%;\">2020<\/th>\n<th style=\"width: 20%;\">2021<\/th>\n<\/tr>\n<\/thead>\n<tbody>\n<tr>\n<td style=\"width: 20%;\"><span class='tooltipsall tooltip_post_id_custom_9952265022f2dbc65cd4eaf56f696fe4 classtoolTipsCustomShortCode' style='border-bottom:2px dotted #888;'>Economies d\u2019\u00e9nergies annuelles r\u00e9alis\u00e9es<\/span><script type=\"text\/javascript\"> toolTips('.tooltip_post_id_custom_9952265022f2dbc65cd4eaf56f696fe4','Suivi des consommations totales du parc, en \u00e9nergie primaire \\(consommations r\u00e9elles en chauffage collectif et valeurs DPE pour le chauffage individuel et les op\u00e9rations livr\u00e9es dans l\\'ann\u00e9e\\) et \u00e9volution par rapport \u00e0 2018\\.'); <\/script><\/td>\n<td style=\"width: 20%;\">Evalu\u00e9 \u00e0 218kWhep\/m\u00b2\/an en moyenne<\/td>\n<td style=\"width: 20%;\">&#8211; 2% sur l\u2019ensemble des consommations \u00e9valu\u00e9 \u00e0 206kWhep\/m\u00b2\/an en moyenne (en tenant compte DJU) et \u00e0 184 kWhEp\/m\u00b2 (sans tenir compte DJU)<\/td>\n<td style=\"width: 20%;\">+ 2% sur le total des consommations moyenne \u00e9valu\u00e9e \u00e0 213kWhep\/m\u00b2\/an en moyenne (en tenant compte DJU) et \u00e0 180 kWh Ep\/m\u00b2 (sans tenir compte des DJU)<\/td>\n<td style=\"width: 20%;\">181 kWhep\/m\u00b2 hors DJU<br \/>184 kWhep\/m\u00b2 en valeur corrig\u00e9e<\/td>\n<\/tr>\n<tr>\n<td style=\"width: 20%;\"><span class='tooltipsall tooltip_post_id_custom_0198de437a84453e7699217d816e10ad classtoolTipsCustomShortCode' style='border-bottom:2px dotted #888;'>Taux d\u2019Energies Renouvelables dans le mix \u00e9nerg\u00e9tique<\/span><script type=\"text\/javascript\"> toolTips('.tooltip_post_id_custom_0198de437a84453e7699217d816e10ad','Somme des EnR&amp;R consomm\u00e9es via les r\u00e9seaux \\(\u00e9lectricit\u00e9, gaz, chaleur urbaine\\) et produites localement ramen\u00e9e \u00e0 la consommation totale du patrimoine d\\'Elogie\\-Siemp \\(en \u00e9nergie finale\\)\\.'); <\/script><\/td>\n<td style=\"width: 20%;\">21%<\/td>\n<td style=\"width: 20%;\">23%<\/td>\n<td style=\"width: 20%;\">27%<\/td>\n<td style=\"width: 20%;\">27%<\/td>\n<\/tr>\n<tr>\n<td style=\"width: 20%;\"><span class='tooltipsall tooltip_post_id_custom_1f0789fee903d00af586aea4b6e18bf7 classtoolTipsCustomShortCode' style='border-bottom:2px dotted #888;'>R\u00e9duction des \u00e9missions de GES li\u00e9es \u00e0 l'activit\u00e9 d'Elogie-Siemp<\/span><script type=\"text\/javascript\"> toolTips('.tooltip_post_id_custom_1f0789fee903d00af586aea4b6e18bf7','Suivi des \u00e9missions totales du parc, en t\u00e9qCO\\<sub\\>2\\<\\\/sub\\> \\(\u00e9missions r\u00e9elles en chauffage collectif et valeurs DPE pour le chauffage individuel et les op\u00e9rations livr\u00e9es dans l\\'ann\u00e9e \\+ approche statistique sur les autres postes d\\'\u00e9mission\\) et \u00e9volution par rapport \u00e0 2018\\.'); <\/script><\/td>\n<td style=\"width: 20%;\">Evalu\u00e9 \u00e0 77 kt\u00e9qCO<sub>2<\/sub>\/an<\/td>\n<td style=\"width: 20%;\">-2%<\/td>\n<td style=\"width: 20%;\">Etude BEGES en cours<\/td>\n<td style=\"width: 20%;\">92 000 t CO2\u00e9q<\/td>\n<\/tr>\n<tr>\n<td style=\"width: 20%;\"><span class='tooltipsall tooltip_post_id_custom_9ac0324a4eab29d14f580ae14c736d3b classtoolTipsCustomShortCode' style='border-bottom:2px dotted #888;'>Nombre d'op\u00e9rations avec int\u00e9gration de mat\u00e9riaux bas-carbone<\/span><script type=\"text\/javascript\"> toolTips('.tooltip_post_id_custom_9ac0324a4eab29d14f580ae14c736d3b','Somme des op\u00e9rations \\(avec nombre de logements\\) men\u00e9es en phase r\u00e9alisation \\(d\u00e9marrage au cours de l\\'ann\u00e9e\\) int\u00e9grant la pr\u00e9sence significative des mat\u00e9riaux bas carbone ou biosourc\u00e9s\\.'); <\/script><\/td>\n<td style=\"width: 20%;\">Non d\u00e9termin\u00e9<\/td>\n<td style=\"width: 20%;\">2 chantiers d\u00e9marr\u00e9s en 2019 (avenue de Choisy avec R\u00e9avie et Vigneux sur Seine avec Techniwood)<\/td>\n<td style=\"width: 20%;\">0<\/td>\n<td style=\"width: 20%;\">2 chantiers d\u00e9marr\u00e9s en 2021<\/td>\n<\/tr>\n<tr>\n<td style=\"width: 20%;\"><span class='tooltipsall tooltip_post_id_custom_2f6f9213d9c96677d34aba77df26138d classtoolTipsCustomShortCode' style='border-bottom:2px dotted #888;'>Impact des d\u00e9chets valoris\u00e9s<\/span><script type=\"text\/javascript\"> toolTips('.tooltip_post_id_custom_2f6f9213d9c96677d34aba77df26138d','Evaluation carbone des d\u00e9chets r\u00e9employ\u00e9s par les activit\u00e9s maitrise d\\'ouvrage et bailleur \\(DTR\\)\\.'); <\/script><\/td>\n<td style=\"width: 20%;\">Non d\u00e9termin\u00e9<\/td>\n<td style=\"width: 20%;\">Pas de chiffre pour 2019 (plan climat adopt\u00e9 en d\u00e9c.19)<\/td>\n<td style=\"width: 20%;\">Etude BEGES en cours<\/td>\n<td style=\"width: 20%;\">REP en cours de d\u00e9ploiement<\/td>\n<\/tr>\n<tr>\n<td style=\"width: 20%;\"><span class='tooltipsall tooltip_post_id_custom_d50a67397f90fe79d58e5be801132e6d classtoolTipsCustomShortCode' style='border-bottom:2px dotted #888;'>Nombre de projets d'occupation temporaire<\/span><script type=\"text\/javascript\"> toolTips('.tooltip_post_id_custom_d50a67397f90fe79d58e5be801132e6d','Nombre de projets d\\'occupation temporaire en cours chaque ann\u00e9e\\.'); <\/script><\/td>\n<td style=\"width: 20%;\">Non d\u00e9termin\u00e9<\/td>\n<td style=\"width: 20%;\">7<\/td>\n<td style=\"width: 20%;\">5<\/td>\n<td style=\"width: 20%;\">3<\/td>\n<\/tr>\n<tr>\n<td style=\"width: 20%;\"><span class='tooltipsall tooltip_post_id_custom_0695e9497e90e44e0f9317df6125bcd0 classtoolTipsCustomShortCode' style='border-bottom:2px dotted #888;'>Impact carbone d'Elogie-Siemp en tant qu'entreprise<\/span><script type=\"text\/javascript\"> toolTips('.tooltip_post_id_custom_0695e9497e90e44e0f9317df6125bcd0','Suivi des consommables \\(plastiques mais aussi papier, mat\u00e9riels\u2026\\), valid\u00e9 par des bilans carbone tous les 5 ans\\.'); <\/script><\/td>\n<td style=\"width: 20%;\">Non d\u00e9termin\u00e9<\/td>\n<td style=\"width: 20%;\">Bilan GES complet programm\u00e9 pour 2021<\/td>\n<td style=\"width: 20%;\">Etude BEGES en cours<\/td>\n<td style=\"width: 20%;\">171 t CO2\u00e9q<br \/>soit 0,2 % de l&#8217;empreinte carbone d&rsquo;Elogie-Siemp<\/td>\n<\/tr>\n<tr>\n<td style=\"width: 20%;\"><span class='tooltipsall tooltip_post_id_custom_4342ec70419fd4aaad9b38c83eb05532 classtoolTipsCustomShortCode' style='border-bottom:2px dotted #888;'>Suivi de l'indicateur litre par jour et par habitant<\/span><script type=\"text\/javascript\"> toolTips('.tooltip_post_id_custom_4342ec70419fd4aaad9b38c83eb05532','Somme des consommations du patrimoine Elogie\\-Siemp \\(en m\\<sub\\>3\\<\\\/sub\\>\\), converti en litres, rapport\u00e9 aux nombre d\\'habitants et au jour\\.'); <\/script><\/td>\n<td style=\"width: 20%;\">Evalu\u00e9 \u00e0 120L\/jour\/habitant<\/td>\n<td style=\"width: 20%;\">114L\/jour\/habitant<\/td>\n<td style=\"width: 20%;\">120L\/jour\/habitant<\/td>\n<td style=\"width: 20%;\">120L\/jour\/habitant<\/td>\n<\/tr>\n<tr>\n<td style=\"width: 20%;\"><span class='tooltipsall tooltip_post_id_custom_b00b854ff18a1635035f6ddaa1469827 classtoolTipsCustomShortCode' style='border-bottom:2px dotted #888;'>Taux du patrimoine \u00e9quip\u00e9 de solutions hydro-\u00e9conomes<\/span><script type=\"text\/javascript\"> toolTips('.tooltip_post_id_custom_b00b854ff18a1635035f6ddaa1469827','Nombre des logements disposant sur tous les points d\\'eau d\\'un \u00e9quipement hydro\\-\u00e9conome, ramen\u00e9e au nombre de logements du patrimoine au 31\\\/12 de l\\'ann\u00e9e en cours \\(indicateur RSE\\)\\.'); <\/script><\/td>\n<td style=\"width: 20%;\">44%<\/td>\n<td style=\"width: 20%;\">90,2%<\/td>\n<td style=\"width: 20%;\">92,2%<\/td>\n<td style=\"width: 20%;\">92,4 % de logements \u00e9quip\u00e9s<\/td>\n<\/tr>\n<tr>\n<td style=\"width: 20%;\"><span class='tooltipsall tooltip_post_id_custom_57d76d1048dd22d5832c9806bce12c8a classtoolTipsCustomShortCode' style='border-bottom:2px dotted #888;'>Taux d'immeubles \u00e9quip\u00e9s de r\u00e9cup\u00e9ration d'eau pluviale<\/span><script type=\"text\/javascript\"> toolTips('.tooltip_post_id_custom_57d76d1048dd22d5832c9806bce12c8a','Somme des r\u00e9sidences avec une solution de r\u00e9cup\u00e9ration d\\'eau de pluie in\\-situ, ramen\u00e9e au nombre d\\'immeubles au 31\\\/12 de l\\'ann\u00e9e en cours\\.'); <\/script><\/td>\n<td style=\"width: 20%;\">15 r\u00e9sidences<\/td>\n<td style=\"width: 20%;\">20 r\u00e9sidences<\/td>\n<td style=\"width: 20%;\">23 r\u00e9sidences<\/td>\n<td style=\"width: 20%;\">23 r\u00e9sidences<\/td>\n<\/tr>\n<tr>\n<td style=\"width: 20%;\"><span class='tooltipsall tooltip_post_id_custom_34b2b214d74b425f37faa5fbf64b4639 classtoolTipsCustomShortCode' style='border-bottom:2px dotted #888;'>Nombre de logements b\u00e9n\u00e9ficiant d'une ventilation<\/span><script type=\"text\/javascript\"> toolTips('.tooltip_post_id_custom_34b2b214d74b425f37faa5fbf64b4639','Somme des logements disposant d\\'une VMC\\.'); <\/script><\/td>\n<td style=\"width: 20%;\">Non d\u00e9termin\u00e9<\/td>\n<td style=\"width: 20%;\">Pas de chiffre pour 2019 (plan climat adopt\u00e9 en d\u00e9c.19)<\/td>\n<td style=\"width: 20%;\">18 176<\/td>\n<td style=\"width: 20%;\">18 978<\/td>\n<\/tr>\n<tr>\n<td style=\"width: 20%;\"><span class='tooltipsall tooltip_post_id_custom_0b5a1069852b20703ceb8589c9f92b8e classtoolTipsCustomShortCode' style='border-bottom:2px dotted #888;'>Taux de Compos\u00e9s organiques volatiles avant et apr\u00e8s chantier<\/span><script type=\"text\/javascript\"> toolTips('.tooltip_post_id_custom_0b5a1069852b20703ceb8589c9f92b8e','Variation globale \\(sans distinction des polluants\\) des quantit\u00e9s de COV mesur\u00e9s avant et apr\u00e8s la r\u00e9alisation des travaux\\.'); <\/script><\/td>\n<td style=\"width: 20%;\">Non d\u00e9termin\u00e9<\/td>\n<td style=\"width: 20%;\">Pas de chiffre pour 2019<br \/>(plan climat adopt\u00e9 en d\u00e9c.19)<\/td>\n<td style=\"width: 20%;\">L&rsquo;op\u00e9ration test n&rsquo;a pas encore pu \u00eatre lanc\u00e9e<\/td>\n<td style=\"width: 20%;\">Op\u00e9ration restant \u00e0 programmer<\/td>\n<\/tr>\n<tr>\n<td style=\"width: 20%;\"><span class='tooltipsall tooltip_post_id_custom_8526f8538db7adacf290753427afce26 classtoolTipsCustomShortCode' style='border-bottom:2px dotted #888;'>Surface v\u00e9g\u00e9talis\u00e9e<\/span><script type=\"text\/javascript\"> toolTips('.tooltip_post_id_custom_8526f8538db7adacf290753427afce26','Somme des surfaces v\u00e9g\u00e9talis\u00e9es ajout\u00e9es sur le patrimoine Elogie\\-Siemp depuis la signature de la charte 100 ha\\.'); <\/script><\/td>\n<td style=\"width: 20%;\">+ 3 581 m\u00b2<\/td>\n<td style=\"width: 20%;\">+ 2 932 m\u00b2<\/td>\n<td style=\"width: 20%;\">+5 293 m\u00b2<\/td>\n<td style=\"width: 20%;\">+6 075 m\u00b2<\/td>\n<\/tr>\n<tr>\n<td style=\"width: 20%;\"><span class='tooltipsall tooltip_post_id_custom_d02b17a80d079cd1f0dd9c775a42581c classtoolTipsCustomShortCode' style='border-bottom:2px dotted #888;'>Taux de logements ayant acc\u00e8s au compost<\/span><script type=\"text\/javascript\"> toolTips('.tooltip_post_id_custom_d02b17a80d079cd1f0dd9c775a42581c','Nombre de logements avec une solution de compostage individuel ou collectif, propre \u00e0 Elogie\\-Siemp ou public \\(collectivit\u00e9s\\) ramen\u00e9 au nombre de logements du patrimoine au 31\\\/12 de l\\'ann\u00e9e en cours\\.'); <\/script><\/td>\n<td style=\"width: 20%;\">Non d\u00e9termin\u00e9<\/td>\n<td style=\"width: 20%;\">16,8%<\/td>\n<td style=\"width: 20%;\">18,2%<\/td>\n<td style=\"width: 20%;\">15,6 %<br \/>4 163 logements concern\u00e9s sur 26 745<\/td>\n<\/tr>\n<tr>\n<td style=\"width: 20%;\"><span class='tooltipsall tooltip_post_id_custom_2fd069df4beef115d371c1f252b0be20 classtoolTipsCustomShortCode' style='border-bottom:2px dotted #888;'>Nombre de kilom\u00e8tres parcourus en v\u00e9hicule de service \u00e0 \u00e9nergie fossile<\/span><script type=\"text\/javascript\"> toolTips('.tooltip_post_id_custom_2fd069df4beef115d371c1f252b0be20','Somme des kilom\u00e8tres parcourus par des v\u00e9hicules de service \u00e0 \u00e9nergie fossile\\.'); <\/script><\/td>\n<td style=\"width: 20%;\">Non d\u00e9termin\u00e9<\/td>\n<td style=\"width: 20%;\">35 097 km (6,1t CO<sub>2<\/sub>)<\/td>\n<td style=\"width: 20%;\">22 332 km (soit 2,9t CO<sub>2<\/sub>)<\/td>\n<td style=\"width: 20%;\">39 092 km (soit 5,2 t CO2\u00e9q)<\/td>\n<\/tr>\n<tr>\n<td style=\"width: 20%;\"><span class='tooltipsall tooltip_post_id_custom_a10491428d1e8b2bc059161e19126fa6 classtoolTipsCustomShortCode' style='border-bottom:2px dotted #888;'>Surfaces \u00e0 usages mutualis\u00e9s<\/span><script type=\"text\/javascript\"> toolTips('.tooltip_post_id_custom_a10491428d1e8b2bc059161e19126fa6','Nombre de projets men\u00e9s dans le cadre d\\'une multiplicit\u00e9 d\\'activit\u00e9s internes \u00e0 Elogie\\-Siemp \\(locataires inclus\\) au 31\\\/12\\.'); <\/script><\/td>\n<td style=\"width: 20%;\">Non d\u00e9termin\u00e9<\/td>\n<td style=\"width: 20%;\">12<\/td>\n<td style=\"width: 20%;\">12<\/td>\n<td style=\"width: 20%;\">12 projets r\u00e9alis\u00e9s<\/td>\n<\/tr>\n<tr>\n<td style=\"width: 20%;\"><span class='tooltipsall tooltip_post_id_custom_81efb9e2cffe75ab5ce46a9d03c4d5b2 classtoolTipsCustomShortCode' style='border-bottom:2px dotted #888;'>Nombre de laur\u00e9ats d'appels \u00e0 projets<\/span><script type=\"text\/javascript\"> toolTips('.tooltip_post_id_custom_81efb9e2cffe75ab5ce46a9d03c4d5b2','Somme des initiatives \u00e9lues dans le cadre d\\'appels \u00e0 projets innovants Elogie\\-Siemp\\.'); <\/script><\/td>\n<td style=\"width: 20%;\">Non d\u00e9termin\u00e9<\/td>\n<td style=\"width: 20%;\">0<\/td>\n<td style=\"width: 20%;\">3<\/td>\n<td style=\"width: 20%;\">Pas de laur\u00e9at en 2021 (d\u00e9calage des AAP suite \u00e0 la crise sanitaire de 2020)<\/td>\n<\/tr>\n<tr>\n<td style=\"width: 20%;\"><span class='tooltipsall tooltip_post_id_custom_8de4a75b79aa953e9c2f42b9ac8ebba7 classtoolTipsCustomShortCode' style='border-bottom:2px dotted #888;'>Nombre d'op\u00e9rations&nbsp; ayant utilis\u00e9 un financement carbone<\/span><script type=\"text\/javascript\"> toolTips('.tooltip_post_id_custom_8de4a75b79aa953e9c2f42b9ac8ebba7','Somme des op\u00e9rations men\u00e9es en phase r\u00e9alisation \\(d\u00e9marrage en cours d\\'ann\u00e9e\\) par l\\'additionnalit\u00e9 d\\'un financement carbone \\(externe ou interne \u00e0 E\\-S\\)\\.'); <\/script><\/td>\n<td style=\"width: 20%;\">Non d\u00e9termin\u00e9<\/td>\n<td style=\"width: 20%;\">12 op\u00e9rations d\u00e9marr\u00e9es \/ 1 657 logements<\/td>\n<td style=\"width: 20%;\">4 op\u00e9rations \/ 836 logements<\/td>\n<td style=\"width: 20%;\">7 op\u00e9rations \/ 535 logements<\/td>\n<\/tr>\n<tr>\n<td style=\"width: 20%;\"><span class='tooltipsall tooltip_post_id_custom_0595dbd88db31190510c23c61832a156 classtoolTipsCustomShortCode' style='border-bottom:2px dotted #888;'>Part de locataires concern\u00e9s ayant vot\u00e9 au budget participatif<\/span><script type=\"text\/javascript\"> toolTips('.tooltip_post_id_custom_0595dbd88db31190510c23c61832a156','% de votes comptabilis\u00e9s par voie papier et \u00e9lectronique au 31\\\/12 de l\\'ann\u00e9e en cours par rapport au nombre des droits de vote\\.'); <\/script><\/td>\n<td style=\"width: 20%;\">Non d\u00e9termin\u00e9<\/td>\n<td style=\"width: 20%;\">9% des locataires consult\u00e9s<\/td>\n<td style=\"width: 20%;\">Sans objet<\/td>\n<td style=\"width: 20%;\">12 projets propos\u00e9s et retenus par des locataires<\/td>\n<\/tr>\n<tr>\n<td style=\"width: 20%;\"><span class='tooltipsall tooltip_post_id_custom_4220b9e20bba1c0d86ed477b02904b00 classtoolTipsCustomShortCode' style='border-bottom:2px dotted #888;'>Nombre de projets innovants<\/span><script type=\"text\/javascript\"> toolTips('.tooltip_post_id_custom_4220b9e20bba1c0d86ed477b02904b00','Somme des projets de recherche men\u00e9s en partenariat avec une start\\-up, une \u00e9cole ou un&nbsp; laboratoire au 31\\\/12 de chaque ann\u00e9e\\.'); <\/script><\/td>\n<td style=\"width: 20%;\">Non d\u00e9termin\u00e9<\/td>\n<td style=\"width: 20%;\">3 programmes :<br \/><span class='tooltipsall tooltipsincontent classtoolTips7'>CSTB<\/span> punaises de lit<br \/>Qarnot chaudi\u00e8re collective num\u00e9rique<br \/>GRDF ZAC Paul Bourget<\/td>\n<td style=\"width: 20%;\">3 nouveaux projets<\/td>\n<td style=\"width: 20%;\">3 projets mis en \u0153uvre :<br \/>+ 1001 Rues<br \/>+ R\u00e9hassistant<br \/>+ Wizzcad<\/td>\n<\/tr>\n<tr>\n<td style=\"width: 20%;\"><span class='tooltipsall tooltip_post_id_custom_1aa7963bc6e545d13e2ca53796f51174 classtoolTipsCustomShortCode' style='border-bottom:2px dotted #888;'>Nombre d'op\u00e9rations recens\u00e9es en DSU<\/span><script type=\"text\/javascript\"> toolTips('.tooltip_post_id_custom_1aa7963bc6e545d13e2ca53796f51174','Somme des projets de DSU au 31\\\/12 de chaque ann\u00e9e\\.'); <\/script><\/td>\n<td style=\"width: 20%;\">Non d\u00e9termin\u00e9<\/td>\n<td style=\"width: 20%;\">31 projets r\u00e9alis\u00e9s<\/td>\n<td style=\"width: 20%;\">42 projets r\u00e9alis\u00e9s<\/td>\n<td style=\"width: 20%;\">51 projets r\u00e9alis\u00e9s<\/td>\n<\/tr>\n<tr>\n<td style=\"width: 20%;\"><span class='tooltipsall tooltip_post_id_custom_707eaedee030b983fdb6f664bb2619fc classtoolTipsCustomShortCode' style='border-bottom:2px dotted #888;'>Nombre de logements en pr\u00e9carit\u00e9 \u00e9nerg\u00e9tique<\/span><script type=\"text\/javascript\"> toolTips('.tooltip_post_id_custom_707eaedee030b983fdb6f664bb2619fc','Somme des logements annuellement \u00e9valu\u00e9s comme en situation de pr\u00e9carit\u00e9 \u00e9nerg\u00e9tique \\(bas\u00e9 sur un Taux d\\'Effort Energ\u00e9tique&gt;8%\\)\\<br \\\/\\>M\u00e9thodologie \u00e0 \u00e9tablir pour \u00e9valuer la pr\u00e9carit\u00e9 \u00e9nerg\u00e9tique en chauffage individuel\\.'); <\/script><\/td>\n<td style=\"width: 20%;\">Non d\u00e9termin\u00e9<\/td>\n<td style=\"width: 20%;\">Non d\u00e9termin\u00e9<\/td>\n<td style=\"width: 20%;\">M\u00e9thodologie restant \u00e0 \u00e9tablir<\/td>\n<td style=\"width: 20%;\">M\u00e9thodologie en cours<\/td>\n<\/tr>\n<tr>\n<td style=\"width: 20%;\"><span class='tooltipsall tooltip_post_id_custom_456a2aa250a367952ad71078521a7aab classtoolTipsCustomShortCode' style='border-bottom:2px dotted #888;'>Nombre d'heures d'insertion par le travail<\/span><script type=\"text\/javascript\"> toolTips('.tooltip_post_id_custom_456a2aa250a367952ad71078521a7aab','Nombre d\\'heures d\\'insertion dans les march\u00e9s disposant de la clause d\\'insertion sociale, ou dans les march\u00e9s d\\'insertions\\.'); <\/script><\/td>\n<td style=\"width: 20%;\">62 770 heures<\/td>\n<td style=\"width: 20%;\">67 781 heures<\/td>\n<td style=\"width: 20%;\">46 599 heures<\/td>\n<td style=\"width: 20%;\">67 412 heures<\/td>\n<\/tr>\n<tr>\n<td style=\"width: 20%;\"><span class='tooltipsall tooltip_post_id_custom_289f536e48efcf1805836a64b20c3b4a classtoolTipsCustomShortCode' style='border-bottom:2px dotted #888;'>Montant des charges locatives<\/span><script type=\"text\/javascript\"> toolTips('.tooltip_post_id_custom_289f536e48efcf1805836a64b20c3b4a','Co\u00fbt moyen par m\u00b2 des charges locatives, \u00e9tabli dans le cadre de l\\'observatoire des charges\\.'); <\/script><\/td>\n<td style=\"width: 20%;\">Non d\u00e9termin\u00e9<\/td>\n<td style=\"width: 20%;\">Non d\u00e9termin\u00e9<\/td>\n<td style=\"width: 20%;\">Non d\u00e9termin\u00e9<\/td>\n<td style=\"width: 20%;\">Non d\u00e9termin\u00e9<\/td>\n<\/tr>\n<tr>\n<td style=\"width: 20%;\"><span class='tooltipsall tooltip_post_id_custom_a9ae5784b5e188b6fdd86baf270577d8 classtoolTipsCustomShortCode' style='border-bottom:2px dotted #888;'>Parit\u00e9 du comit\u00e9 de direction<\/span><script type=\"text\/javascript\"> toolTips('.tooltip_post_id_custom_a9ae5784b5e188b6fdd86baf270577d8','% de femmes au CODIR au 31\\\/12\\.'); <\/script><\/td>\n<td style=\"width: 20%;\">Non d\u00e9termin\u00e9<\/td>\n<td style=\"width: 20%;\">50% (6\/12)<\/td>\n<td style=\"width: 20%;\">54,5% (6\/11)<\/td>\n<td style=\"width: 20%;\">54,5 % (6\/11)<\/td>\n<\/tr>\n<tr>\n<td style=\"width: 20%;\"><span class='tooltipsall tooltip_post_id_custom_4f04c649bf50d70b6524c949c9cb3ce4 classtoolTipsCustomShortCode' style='border-bottom:2px dotted #888;'>Egalit\u00e9 professionnelle<\/span><script type=\"text\/javascript\"> toolTips('.tooltip_post_id_custom_4f04c649bf50d70b6524c949c9cb3ce4','Index d\\'\u00e9galit\u00e9 professionnelle r\u00e9glementaire\\.'); <\/script><\/td>\n<td style=\"width: 20%;\">Non d\u00e9termin\u00e9<\/td>\n<td style=\"width: 20%;\">99\/100<\/td>\n<td style=\"width: 20%;\">99\/100<\/td>\n<td style=\"width: 20%;\">99\/100<\/td>\n<\/tr>\n<\/tbody>\n<\/table>\n<\/div>\n<script type=\"text\/javascript\"> toolTips('.classtoolTips7','Centre Scientifique et Technique du B\u00e2timent.'); <\/script>","protected":false},"excerpt":{"rendered":"<p>Ci-dessous la liste de nos indicateurs actifs depuis 2018. R\u00e9guli\u00e8rement, de nouveaux indicateurs seront int\u00e9gr\u00e9s en fonction de la structuration des th\u00e9matiques de notre d\u00e9marche. Nom de l&rsquo;indicateur 2018 2019 2020 2021 Evalu\u00e9 \u00e0 218kWhep\/m\u00b2\/an en moyenne &#8211; 2% sur l\u2019ensemble des consommations \u00e9valu\u00e9 \u00e0 206kWhep\/m\u00b2\/an en moyenne (en tenant compte DJU) et \u00e0 184 [&#8230;]<\/p>\n<p><a class=\"btn btn-secondary understrap-read-more-link\" href=\"https:\/\/elogie-siemp.paris\/planclimat\/indicateurs\">Lire la suite&#8230;<\/a><\/p>\n","protected":false},"author":1,"featured_media":0,"parent":0,"menu_order":4,"comment_status":"closed","ping_status":"closed","template":"","meta":{"_acf_changed":false,"footnotes":""},"class_list":["post-1577","page","type-page","status-publish","hentry"],"acf":[],"_links":{"self":[{"href":"https:\/\/elogie-siemp.paris\/planclimat\/wp-json\/wp\/v2\/pages\/1577","targetHints":{"allow":["GET"]}}],"collection":[{"href":"https:\/\/elogie-siemp.paris\/planclimat\/wp-json\/wp\/v2\/pages"}],"about":[{"href":"https:\/\/elogie-siemp.paris\/planclimat\/wp-json\/wp\/v2\/types\/page"}],"author":[{"embeddable":true,"href":"https:\/\/elogie-siemp.paris\/planclimat\/wp-json\/wp\/v2\/users\/1"}],"replies":[{"embeddable":true,"href":"https:\/\/elogie-siemp.paris\/planclimat\/wp-json\/wp\/v2\/comments?post=1577"}],"version-history":[{"count":0,"href":"https:\/\/elogie-siemp.paris\/planclimat\/wp-json\/wp\/v2\/pages\/1577\/revisions"}],"wp:attachment":[{"href":"https:\/\/elogie-siemp.paris\/planclimat\/wp-json\/wp\/v2\/media?parent=1577"}],"curies":[{"name":"wp","href":"https:\/\/api.w.org\/{rel}","templated":true}]}}